{"id":2066,"date":"2023-02-28T17:14:44","date_gmt":"2023-02-28T17:14:44","guid":{"rendered":"https:\/\/staging.purrfection-plaza.org\/a-minha-conta\/"},"modified":"2025-06-26T16:01:21","modified_gmt":"2025-06-26T16:01:21","slug":"a-minha-conta","status":"publish","type":"page","link":"https:\/\/staging.purrfection-plaza.org\/pt-pt\/a-minha-conta\/","title":{"rendered":"A minha conta"},"content":{"rendered":"<div class=\"fusion-fullwidth fullwidth-box fusion-builder-row-1 fusion-flex-container nonhundred-percent-fullwidth non-hundred-percent-height-scrolling\" style=\"--awb-border-radius-top-left:0px;--awb-border-radius-top-right:0px;--awb-border-radius-bottom-right:0px;--awb-border-radius-bottom-left:0px;--awb-padding-top:50px;--awb-padding-bottom:50px;--awb-flex-wrap:wrap;\" ><div class=\"fusion-builder-row fusion-row fusion-flex-align-items-flex-start fusion-flex-content-wrap\" style=\"max-width:1248px;margin-left: calc(-4% \/ 2 );margin-right: calc(-4% \/ 2 );\"><div class=\"fusion-layout-column fusion_builder_column fusion-builder-column-0 fusion_builder_column_1_1 1_1 fusion-flex-column\" style=\"--awb-padding-top:50px;--awb-padding-right:30px;--awb-padding-bottom:50px;--awb-padding-left:30px;--awb-overflow:hidden;--awb-bg-color:var(--awb-color2);--awb-bg-color-hover:var(--awb-color2);--awb-bg-size:cover;--awb-border-radius:10px 10px 10px 10px;--awb-width-large:100%;--awb-margin-top-large:0px;--awb-spacing-right-large:1.92%;--awb-margin-bottom-large:0px;--awb-spacing-left-large:1.92%;--awb-width-medium:100%;--awb-spacing-right-medium:1.92%;--awb-spacing-left-medium:1.92%;--awb-width-small:100%;--awb-spacing-right-small:1.92%;--awb-spacing-left-small:1.92%;\"><div class=\"fusion-column-wrapper fusion-flex-justify-content-flex-start fusion-content-layout-column\">\t\t<div class=\"mphb_sc_account\">\n\t\t\t\t\t\t<div class=\"mphb-account-content\">\n\t\t\t\t\t\t\t\t\t\t\t\t\t\t\t<div class=\"mphb-login-form\">\n\t\t\t\t<form name=\"loginform\" id=\"loginform\" action=\"https:\/\/staging.purrfection-plaza.org\/pt-pt\/wp-login.php\" method=\"post\"><p class=\"login-username\">\n\t\t\t\t<label for=\"user_login\">Nome de utilizador ou endere\u00e7o de email<\/label>\n\t\t\t\t<input type=\"text\" name=\"log\" id=\"user_login\" autocomplete=\"username\" class=\"input\" value=\"\" size=\"20\" \/>\n\t\t\t<\/p><p class=\"login-password\">\n\t\t\t\t<label for=\"user_pass\">Senha<\/label>\n\t\t\t\t<input type=\"password\" name=\"pwd\" id=\"user_pass\" autocomplete=\"current-password\" spellcheck=\"false\" class=\"input\" value=\"\" size=\"20\" \/>\n\t\t\t<\/p><p class=\"login-remember\"><label><input name=\"rememberme\" type=\"checkbox\" id=\"rememberme\" value=\"forever\" \/> Manter sess\u00e3o<\/label><\/p><p class=\"login-submit\">\n\t\t\t\t<input type=\"submit\" name=\"wp-submit\" id=\"wp-submit\" class=\"button button-primary\" value=\"Iniciar sess\u00e3o\" \/>\n\t\t\t\t<input type=\"hidden\" name=\"redirect_to\" value=\"https:\/\/staging.purrfection-plaza.org\/pt-pt\/wp-json\/wp\/v2\/pages\/2066\" \/>\n\t\t\t<\/p><\/form>\t\t\t\t<a href=\"https:\/\/staging.purrfection-plaza.org\/pt-pt\/my-account-2\/lost-password\/\">Perdeu a sua palavra-passe?<\/a>\n\t\t\t<\/div>\n\t\t\t\t\t\t\t\t\t\t<\/div>\n\t\t<\/div>\n\t\t<div class=\"fusion-modal modal fade modal-1 streamModal video-container\" tabindex=\"-1\" role=\"dialog\" aria-labelledby=\"modal-heading-1\" aria-hidden=\"true\" style=\"--awb-border-color:var(--awb-color3);--awb-background:var(--awb-color1);\"><div class=\"modal-dialog modal-sm\" role=\"document\"><div class=\"modal-content fusion-modal-content\"><div class=\"modal-header\"><button class=\"close\" type=\"button\" data-dismiss=\"modal\" aria-hidden=\"true\" aria-label=\"Close\">&times;<\/button><h3 class=\"modal-title\" id=\"modal-heading-1\" data-dismiss=\"modal\" aria-hidden=\"true\">Marcador de posi\u00e7\u00e3o<\/h3><\/div><div class=\"modal-body fusion-clearfix\"><\/div><div class=\"modal-footer\"><button class=\"fusion-button button-default button-medium button default medium\" type=\"button\" data-dismiss=\"modal\">Close<\/button><\/div><\/div><\/div><\/div><\/div><\/div><\/div><\/div>\n","protected":false},"excerpt":{"rendered":"","protected":false},"author":4,"featured_media":0,"parent":0,"menu_order":0,"comment_status":"closed","ping_status":"closed","template":"100-width.php","meta":{"_acf_changed":false,"footnotes":"","_links_to":"","_links_to_target":""},"class_list":["post-2066","page","type-page","status-publish","hentry"],"acf":[],"yoast_head":"<!-- This site is optimized with the Yoast SEO plugin v23.9 - https:\/\/yoast.com\/wordpress\/plugins\/seo\/ -->\n<title>A minha conta - Purrfection Plaza<\/title>\n<meta name=\"description\" content=\"Entre na sua \u00e1rea pessoal e acompanhe cada detalhe da estadia do seu gato. Gerir reservas nunca foi t\u00e3o simples e confort\u00e1vel!\" \/>\n<meta name=\"robots\" content=\"noindex, follow, max-snippet:-1, max-image-preview:large, max-video-preview:-1\" \/>\n<meta property=\"og:locale\" content=\"pt_PT\" \/>\n<meta property=\"og:type\" content=\"article\" \/>\n<meta property=\"og:title\" content=\"A minha conta - Purrfection Plaza\" \/>\n<meta property=\"og:description\" content=\"Entre na sua \u00e1rea pessoal e acompanhe cada detalhe da estadia do seu gato. Gerir reservas nunca foi t\u00e3o simples e confort\u00e1vel!\" \/>\n<meta property=\"og:url\" content=\"https:\/\/staging.purrfection-plaza.org\/pt-pt\/a-minha-conta\/\" \/>\n<meta property=\"og:site_name\" content=\"Purrfection Plaza\" \/>\n<meta property=\"article:modified_time\" content=\"2025-06-26T16:01:21+00:00\" \/>\n<meta name=\"twitter:card\" content=\"summary_large_image\" \/>\n<meta name=\"twitter:label1\" content=\"Tempo estimado de leitura\" \/>\n\t<meta name=\"twitter:data1\" content=\"1 minuto\" \/>\n<script type=\"application\/ld+json\" class=\"yoast-schema-graph\">{\"@context\":\"https:\/\/schema.org\",\"@graph\":[{\"@type\":\"WebPage\",\"@id\":\"https:\/\/staging.purrfection-plaza.org\/pt-pt\/a-minha-conta\/\",\"url\":\"https:\/\/staging.purrfection-plaza.org\/pt-pt\/a-minha-conta\/\",\"name\":\"A minha conta - Purrfection Plaza\",\"isPartOf\":{\"@id\":\"https:\/\/staging.purrfection-plaza.org\/pt-pt\/#website\"},\"datePublished\":\"2023-02-28T17:14:44+00:00\",\"dateModified\":\"2025-06-26T16:01:21+00:00\",\"description\":\"Entre na sua \u00e1rea pessoal e acompanhe cada detalhe da estadia do seu gato. Gerir reservas nunca foi t\u00e3o simples e confort\u00e1vel!\",\"breadcrumb\":{\"@id\":\"https:\/\/staging.purrfection-plaza.org\/pt-pt\/a-minha-conta\/#breadcrumb\"},\"inLanguage\":\"pt-PT\",\"potentialAction\":[{\"@type\":\"ReadAction\",\"target\":[\"https:\/\/staging.purrfection-plaza.org\/pt-pt\/a-minha-conta\/\"]}]},{\"@type\":\"BreadcrumbList\",\"@id\":\"https:\/\/staging.purrfection-plaza.org\/pt-pt\/a-minha-conta\/#breadcrumb\",\"itemListElement\":[{\"@type\":\"ListItem\",\"position\":1,\"name\":\"Hem\",\"item\":\"https:\/\/staging.purrfection-plaza.org\/pt-pt\/comeca\/\"},{\"@type\":\"ListItem\",\"position\":2,\"name\":\"A minha conta\"}]},{\"@type\":\"WebSite\",\"@id\":\"https:\/\/staging.purrfection-plaza.org\/pt-pt\/#website\",\"url\":\"https:\/\/staging.purrfection-plaza.org\/pt-pt\/\",\"name\":\"Purrfection Plaza\",\"description\":\"\",\"potentialAction\":[{\"@type\":\"SearchAction\",\"target\":{\"@type\":\"EntryPoint\",\"urlTemplate\":\"https:\/\/staging.purrfection-plaza.org\/pt-pt\/?s={search_term_string}\"},\"query-input\":{\"@type\":\"PropertyValueSpecification\",\"valueRequired\":true,\"valueName\":\"search_term_string\"}}],\"inLanguage\":\"pt-PT\"}]}<\/script>\n<!-- \/ Yoast SEO plugin. -->","yoast_head_json":{"title":"A minha conta - Purrfection Plaza","description":"Entre na sua \u00e1rea pessoal e acompanhe cada detalhe da estadia do seu gato. Gerir reservas nunca foi t\u00e3o simples e confort\u00e1vel!","robots":{"index":"noindex","follow":"follow","max-snippet":"max-snippet:-1","max-image-preview":"max-image-preview:large","max-video-preview":"max-video-preview:-1"},"og_locale":"pt_PT","og_type":"article","og_title":"A minha conta - Purrfection Plaza","og_description":"Entre na sua \u00e1rea pessoal e acompanhe cada detalhe da estadia do seu gato. Gerir reservas nunca foi t\u00e3o simples e confort\u00e1vel!","og_url":"https:\/\/staging.purrfection-plaza.org\/pt-pt\/a-minha-conta\/","og_site_name":"Purrfection Plaza","article_modified_time":"2025-06-26T16:01:21+00:00","twitter_card":"summary_large_image","twitter_misc":{"Tempo estimado de leitura":"1 minuto"},"schema":{"@context":"https:\/\/schema.org","@graph":[{"@type":"WebPage","@id":"https:\/\/staging.purrfection-plaza.org\/pt-pt\/a-minha-conta\/","url":"https:\/\/staging.purrfection-plaza.org\/pt-pt\/a-minha-conta\/","name":"A minha conta - Purrfection Plaza","isPartOf":{"@id":"https:\/\/staging.purrfection-plaza.org\/pt-pt\/#website"},"datePublished":"2023-02-28T17:14:44+00:00","dateModified":"2025-06-26T16:01:21+00:00","description":"Entre na sua \u00e1rea pessoal e acompanhe cada detalhe da estadia do seu gato. Gerir reservas nunca foi t\u00e3o simples e confort\u00e1vel!","breadcrumb":{"@id":"https:\/\/staging.purrfection-plaza.org\/pt-pt\/a-minha-conta\/#breadcrumb"},"inLanguage":"pt-PT","potentialAction":[{"@type":"ReadAction","target":["https:\/\/staging.purrfection-plaza.org\/pt-pt\/a-minha-conta\/"]}]},{"@type":"BreadcrumbList","@id":"https:\/\/staging.purrfection-plaza.org\/pt-pt\/a-minha-conta\/#breadcrumb","itemListElement":[{"@type":"ListItem","position":1,"name":"Hem","item":"https:\/\/staging.purrfection-plaza.org\/pt-pt\/comeca\/"},{"@type":"ListItem","position":2,"name":"A minha conta"}]},{"@type":"WebSite","@id":"https:\/\/staging.purrfection-plaza.org\/pt-pt\/#website","url":"https:\/\/staging.purrfection-plaza.org\/pt-pt\/","name":"Purrfection Plaza","description":"","potentialAction":[{"@type":"SearchAction","target":{"@type":"EntryPoint","urlTemplate":"https:\/\/staging.purrfection-plaza.org\/pt-pt\/?s={search_term_string}"},"query-input":{"@type":"PropertyValueSpecification","valueRequired":true,"valueName":"search_term_string"}}],"inLanguage":"pt-PT"}]}},"_links":{"self":[{"href":"https:\/\/staging.purrfection-plaza.org\/pt-pt\/wp-json\/wp\/v2\/pages\/2066","targetHints":{"allow":["GET"]}}],"collection":[{"href":"https:\/\/staging.purrfection-plaza.org\/pt-pt\/wp-json\/wp\/v2\/pages"}],"about":[{"href":"https:\/\/staging.purrfection-plaza.org\/pt-pt\/wp-json\/wp\/v2\/types\/page"}],"author":[{"embeddable":true,"href":"https:\/\/staging.purrfection-plaza.org\/pt-pt\/wp-json\/wp\/v2\/users\/4"}],"replies":[{"embeddable":true,"href":"https:\/\/staging.purrfection-plaza.org\/pt-pt\/wp-json\/wp\/v2\/comments?post=2066"}],"version-history":[{"count":11,"href":"https:\/\/staging.purrfection-plaza.org\/pt-pt\/wp-json\/wp\/v2\/pages\/2066\/revisions"}],"predecessor-version":[{"id":2391,"href":"https:\/\/staging.purrfection-plaza.org\/pt-pt\/wp-json\/wp\/v2\/pages\/2066\/revisions\/2391"}],"wp:attachment":[{"href":"https:\/\/staging.purrfection-plaza.org\/pt-pt\/wp-json\/wp\/v2\/media?parent=2066"}],"curies":[{"name":"wp","href":"https:\/\/api.w.org\/{rel}","templated":true}]}}