{"id":2063,"date":"2023-05-15T08:59:11","date_gmt":"2023-05-15T08:59:11","guid":{"rendered":"https:\/\/staging.purrfection-plaza.org\/condicoes-de-admissibilidade\/"},"modified":"2024-11-19T16:22:24","modified_gmt":"2024-11-19T16:22:24","slug":"condicoes-de-admissibilidade","status":"publish","type":"page","link":"https:\/\/staging.purrfection-plaza.org\/pt-pt\/condicoes-de-admissibilidade\/","title":{"rendered":"Condi\u00e7\u00f5es de admissibilidade"},"content":{"rendered":"<div class=\"fusion-fullwidth fullwidth-box fusion-builder-row-1 fusion-flex-container has-pattern-background has-mask-background fusion-parallax-none bg_tassar_light nonhundred-percent-fullwidth non-hundred-percent-height-scrolling\" style=\"--awb-background-position:right top;--awb-border-radius-top-left:0px;--awb-border-radius-top-right:0px;--awb-border-radius-bottom-right:0px;--awb-border-radius-bottom-left:0px;--awb-padding-top:100px;--awb-padding-bottom:100px;--awb-padding-top-small:50px;--awb-padding-bottom-small:50px;--awb-background-image:url(&quot;https:\/\/staging.purrfection-plaza.org\/wp-content\/uploads\/2023\/03\/tassar-pink.png&quot;);--awb-background-size:cover;--awb-flex-wrap:wrap;\" ><div class=\"fusion-builder-row fusion-row fusion-flex-align-items-flex-start fusion-flex-content-wrap\" style=\"max-width:1248px;margin-left: calc(-4% \/ 2 );margin-right: calc(-4% \/ 2 );\"><div class=\"fusion-layout-column fusion_builder_column fusion-builder-column-0 fusion_builder_column_2_3 2_3 fusion-flex-column\" style=\"--awb-bg-size:cover;--awb-width-large:66.666666666667%;--awb-margin-top-large:0px;--awb-spacing-right-large:2.88%;--awb-margin-bottom-large:20px;--awb-spacing-left-large:2.88%;--awb-width-medium:83.333333333333%;--awb-order-medium:0;--awb-spacing-right-medium:2.304%;--awb-spacing-left-medium:2.304%;--awb-width-small:100%;--awb-order-small:0;--awb-spacing-right-small:1.92%;--awb-spacing-left-small:1.92%;\"><div class=\"fusion-column-wrapper fusion-column-has-shadow fusion-flex-justify-content-flex-start fusion-content-layout-column\"><div class=\"fusion-title title fusion-title-1 fusion-no-small-visibility fusion-sep-none fusion-title-text fusion-title-size-one\"><h1 class=\"fusion-title-heading title-heading-left fusion-responsive-typography-calculated\" style=\"margin:0;--fontSize:64;line-height:var(--awb-typography1-line-height);\">Condi\u00e7\u00f5es de admissibilidade<\/h1><\/div><div class=\"fusion-title title fusion-title-2 fusion-no-medium-visibility fusion-no-large-visibility fusion-sep-none fusion-title-text fusion-title-size-one\" style=\"--awb-font-size:35px;\"><h1 class=\"fusion-title-heading title-heading-left fusion-responsive-typography-calculated\" style=\"margin:0;font-size:1em;--fontSize:35;line-height:var(--awb-typography1-line-height);\">Condi\u00e7\u00f5es de admissibilidade<\/h1><\/div><div class=\"fusion-text fusion-text-1\" style=\"--awb-font-size:var(--awb-typography5-font-size);--awb-line-height:var(--awb-typography5-line-height);--awb-letter-spacing:var(--awb-typography5-letter-spacing);--awb-text-transform:var(--awb-typography5-text-transform);--awb-text-font-family:var(--awb-typography5-font-family);--awb-text-font-weight:var(--awb-typography5-font-weight);--awb-text-font-style:var(--awb-typography5-font-style);\"><p>O Purrfection Plaza Cat Hotel condiciona a admiss\u00e3o do teu gato ao seguinte<\/p>\n<ul>\n<li>A obrigatoriedade de identifica\u00e7\u00e3o por microchip e registo na base de dados do SIAC (DL n.\u00ba 82\/2019, de 27 de junho) dos gatos residentes em Portugal. E passaporte com identifica\u00e7\u00e3o para gatos que n\u00e3o residam em Portugal.<\/li>\n<li>Vacina\u00e7\u00e3o completa e actualizada antes da entrada no Hotel (m\u00ednimo Trivalente) e apresenta\u00e7\u00e3o do boletim de sa\u00fade.<\/li>\n<li>Deve vir desparasitado interna e externamente.<\/li>\n<li>Na Ficha de Reserva do Gato que vai preencher, deve indicar o estado geral de sa\u00fade, a medica\u00e7\u00e3o, se necess\u00e1ria, o contacto do veterin\u00e1rio e todas as informa\u00e7\u00f5es relevantes sobre o gato.<\/li>\n<li>Deve trazer o alimento do seu gato. Oferecemos alimento gastrointestinal secos e h\u00famidos se tal for imposs\u00edvel.<\/li>\n<\/ul>\n<p><strong>Sobre o Purrfection Plaza Cat Hotel<\/strong><\/p>\n<ul>\n<li>O Purrfection Plaza Cat Hotel garante que cada gato tem o seu espa\u00e7o exclusivo.<\/li>\n<li>Se surgir um problema m\u00e9dico durante a estadia do teu gato que n\u00e3o exija aten\u00e7\u00e3o imediata, ser\u00e1 contactado e informado da situa\u00e7\u00e3o, e seguiremos as tuas instru\u00e7\u00f5es. Entraremos em contacto ou com os contactos de emerg\u00eancia para obter instru\u00e7\u00f5es numa situa\u00e7\u00e3o de emerg\u00eancia ou num ferimento que exija cuidados m\u00e9dicos imediatos. Se o contacto n\u00e3o for poss\u00edvel, forneceremos o tratamento m\u00ednimo necess\u00e1rio para preservar a vida e o bem-estar do teu gato. Esta ser\u00e1 cobrada para al\u00e9m do custo da tua estadia.<\/li>\n<li>O Purrfection Plaza Cat Hotel n\u00e3o pode ser responsabilizado por qualquer ferimento, doen\u00e7a, dano ou algo mais grave ao teu gato durante e ap\u00f3s a sua estadia.<\/li>\n<li>Para efetuar uma reserva, tem de aceitar as condi\u00e7\u00f5es de admissibilidade do Purrfection Plaza Cat Hotel e assinar o termo de responsabilidade.<\/li>\n<li>O Purrfection Plaza Cat Hotel reserva-se o direito de, em caso de incumprimento de qualquer um dos pontos identificados, n\u00e3o aceitar a admiss\u00e3o de um gato.<\/li>\n<li>O Purrfection Plaza Cat Hotel reserva-se o direito de alterar estes termos e condi\u00e7\u00f5es em qualquer altura, bastando para tal publicar as altera\u00e7\u00f5es online no s\u00edtio Web. O cliente \u00e9 respons\u00e1vel pela sua verifica\u00e7\u00e3o e cumprimento no momento de cada utiliza\u00e7\u00e3o.<\/li>\n<li>Esta p\u00e1gina deve ser consultada frequentemente e sempre antes da entrada do teu gato no Hotel.<\/li>\n<\/ul>\n<h4>POL\u00cdTICA DE RESERVA E CANCELAMENTO<\/h4>\n<p>As reservas ser\u00e3o feitas online no site Web do Purrfection Plaza Cat Hotel.<\/p>\n<p><strong>M\u00e9todos de pagamento<\/strong><br \/>\nO pagamento \u00e9 efectuado diretamente atrav\u00e9s de pagamento online no \u00e2mbito da reserva. Aceitamos os cart\u00f5es de pagamento mais comuns.<\/p>\n<p>No momento da reserva, deve preencher corretamente o formul\u00e1rio indicando o n\u00famero de gatos, as datas, o n\u00famero de dias e a tipologia do quarto (sujeito a confirma\u00e7\u00e3o de disponibilidade por parte do Purrfection Plaza Cat Hotel),<\/p>\n<p>O custo da estadia ser\u00e1 facturado antes do check-in e qualquer extra ser\u00e1 facturado no check-out.<\/p>\n<p><strong>C\u00f3digo de reserva<\/strong><br \/>\nEncontrar\u00e1 o seu c\u00f3digo de reserva no e-mail de confirma\u00e7\u00e3o e em Reservas em A minha conta.<\/p>\n<p><strong>Check-in e Check-out:<\/strong><\/p>\n<ul>\n<li>Dias \u00fateis<br \/>\nFaz o check-out entre as 9h00 e as 13h00<br \/>\nFaz o check-in entre as 15h00 e as 19h00<\/li>\n<li>S\u00e1bado, domingo e feriado<br \/>\nFaz o check-out entre as 9h00 e as 13h00<br \/>\nFaz o check-in entre as 15h00 e (a combinar)<\/li>\n<\/ul>\n<h4>Pol\u00edtica de cancelamento<\/h4>\n<p>Em caso de n\u00e3o compar\u00eancia no Purrfection Plaza Cat Hotel \u00e0 hora marcada para o check-in indicada no comprovativo de reserva, a reserva poder\u00e1 ser cancelada. O montante pago n\u00e3o ser\u00e1 reembolsado.<\/p>\n<p><strong>Cancelamentos:<\/strong><br \/>\n2 dias antes do check-in &#8211; 100 % de reembolso<br \/>\n1 dia antes do check-in &#8211; 50 % de reembolso<br \/>\nNo dia do check-in &#8211; n\u00e3o h\u00e1 reembolso<\/p>\n<p>O valor de cada quarto inclui 1 gato\/noite; cada gato extra acresce 10 euros\/noite at\u00e9 ao limite da capacidade do quarto. Os pre\u00e7os dos quartos incluem alojamento, areia e \u00e1gua. Qualquer custo adicional ser\u00e1 debitado no momento do check-out.<\/p>\n<p>Quaisquer altera\u00e7\u00f5es \u00e0 reserva requerem o acordo expresso do Purrfection Plaza Cat Hotel, podem implicar altera\u00e7\u00f5es de valores e\/ou estar sujeitas ao pagamento de outros encargos.<\/p>\n<p>O Purrfection Plaza Cat Hotel reserva-se o direito de melhorar o alojamento e\/ou outros servi\u00e7os sem qualquer custo adicional, sendo que o downgrade (caso exista e por extrema necessidade) s\u00f3 ser\u00e1 feito com o conhecimento e aceita\u00e7\u00e3o do cliente.<\/p>\n<\/div><\/div><\/div><\/div><\/div>\n","protected":false},"excerpt":{"rendered":"","protected":false},"author":2,"featured_media":0,"parent":0,"menu_order":0,"comment_status":"closed","ping_status":"closed","template":"100-width.php","meta":{"_acf_changed":false,"footnotes":"","_links_to":"","_links_to_target":""},"class_list":["post-2063","page","type-page","status-publish","hentry"],"acf":[],"yoast_head":"<!-- This site is optimized with the Yoast SEO plugin v23.9 - https:\/\/yoast.com\/wordpress\/plugins\/seo\/ -->\n<title>Condi\u00e7\u00f5es de admissibilidade - Purrfection Plaza<\/title>\n<meta name=\"robots\" content=\"noindex, follow, max-snippet:-1, max-image-preview:large, max-video-preview:-1\" \/>\n<meta property=\"og:locale\" content=\"pt_PT\" \/>\n<meta property=\"og:type\" content=\"article\" \/>\n<meta property=\"og:title\" content=\"Condi\u00e7\u00f5es de admissibilidade - Purrfection Plaza\" \/>\n<meta property=\"og:url\" content=\"https:\/\/staging.purrfection-plaza.org\/pt-pt\/condicoes-de-admissibilidade\/\" \/>\n<meta property=\"og:site_name\" content=\"Purrfection Plaza\" \/>\n<meta property=\"article:modified_time\" content=\"2024-11-19T16:22:24+00:00\" \/>\n<meta name=\"twitter:card\" content=\"summary_large_image\" \/>\n<meta name=\"twitter:label1\" content=\"Tempo estimado de leitura\" \/>\n\t<meta name=\"twitter:data1\" content=\"7 minutos\" \/>\n<script type=\"application\/ld+json\" class=\"yoast-schema-graph\">{\"@context\":\"https:\/\/schema.org\",\"@graph\":[{\"@type\":\"WebPage\",\"@id\":\"https:\/\/staging.purrfection-plaza.org\/pt-pt\/condicoes-de-admissibilidade\/\",\"url\":\"https:\/\/staging.purrfection-plaza.org\/pt-pt\/condicoes-de-admissibilidade\/\",\"name\":\"Condi\u00e7\u00f5es de admissibilidade - Purrfection Plaza\",\"isPartOf\":{\"@id\":\"https:\/\/staging.purrfection-plaza.org\/pt-pt\/#website\"},\"datePublished\":\"2023-05-15T08:59:11+00:00\",\"dateModified\":\"2024-11-19T16:22:24+00:00\",\"breadcrumb\":{\"@id\":\"https:\/\/staging.purrfection-plaza.org\/pt-pt\/condicoes-de-admissibilidade\/#breadcrumb\"},\"inLanguage\":\"pt-PT\",\"potentialAction\":[{\"@type\":\"ReadAction\",\"target\":[\"https:\/\/staging.purrfection-plaza.org\/pt-pt\/condicoes-de-admissibilidade\/\"]}]},{\"@type\":\"BreadcrumbList\",\"@id\":\"https:\/\/staging.purrfection-plaza.org\/pt-pt\/condicoes-de-admissibilidade\/#breadcrumb\",\"itemListElement\":[{\"@type\":\"ListItem\",\"position\":1,\"name\":\"Hem\",\"item\":\"https:\/\/staging.purrfection-plaza.org\/pt-pt\/comeca\/\"},{\"@type\":\"ListItem\",\"position\":2,\"name\":\"Condi\u00e7\u00f5es de admissibilidade\"}]},{\"@type\":\"WebSite\",\"@id\":\"https:\/\/staging.purrfection-plaza.org\/pt-pt\/#website\",\"url\":\"https:\/\/staging.purrfection-plaza.org\/pt-pt\/\",\"name\":\"Purrfection Plaza\",\"description\":\"\",\"potentialAction\":[{\"@type\":\"SearchAction\",\"target\":{\"@type\":\"EntryPoint\",\"urlTemplate\":\"https:\/\/staging.purrfection-plaza.org\/pt-pt\/?s={search_term_string}\"},\"query-input\":{\"@type\":\"PropertyValueSpecification\",\"valueRequired\":true,\"valueName\":\"search_term_string\"}}],\"inLanguage\":\"pt-PT\"}]}<\/script>\n<!-- \/ Yoast SEO plugin. -->","yoast_head_json":{"title":"Condi\u00e7\u00f5es de admissibilidade - Purrfection Plaza","robots":{"index":"noindex","follow":"follow","max-snippet":"max-snippet:-1","max-image-preview":"max-image-preview:large","max-video-preview":"max-video-preview:-1"},"og_locale":"pt_PT","og_type":"article","og_title":"Condi\u00e7\u00f5es de admissibilidade - Purrfection Plaza","og_url":"https:\/\/staging.purrfection-plaza.org\/pt-pt\/condicoes-de-admissibilidade\/","og_site_name":"Purrfection Plaza","article_modified_time":"2024-11-19T16:22:24+00:00","twitter_card":"summary_large_image","twitter_misc":{"Tempo estimado de leitura":"7 minutos"},"schema":{"@context":"https:\/\/schema.org","@graph":[{"@type":"WebPage","@id":"https:\/\/staging.purrfection-plaza.org\/pt-pt\/condicoes-de-admissibilidade\/","url":"https:\/\/staging.purrfection-plaza.org\/pt-pt\/condicoes-de-admissibilidade\/","name":"Condi\u00e7\u00f5es de admissibilidade - Purrfection Plaza","isPartOf":{"@id":"https:\/\/staging.purrfection-plaza.org\/pt-pt\/#website"},"datePublished":"2023-05-15T08:59:11+00:00","dateModified":"2024-11-19T16:22:24+00:00","breadcrumb":{"@id":"https:\/\/staging.purrfection-plaza.org\/pt-pt\/condicoes-de-admissibilidade\/#breadcrumb"},"inLanguage":"pt-PT","potentialAction":[{"@type":"ReadAction","target":["https:\/\/staging.purrfection-plaza.org\/pt-pt\/condicoes-de-admissibilidade\/"]}]},{"@type":"BreadcrumbList","@id":"https:\/\/staging.purrfection-plaza.org\/pt-pt\/condicoes-de-admissibilidade\/#breadcrumb","itemListElement":[{"@type":"ListItem","position":1,"name":"Hem","item":"https:\/\/staging.purrfection-plaza.org\/pt-pt\/comeca\/"},{"@type":"ListItem","position":2,"name":"Condi\u00e7\u00f5es de admissibilidade"}]},{"@type":"WebSite","@id":"https:\/\/staging.purrfection-plaza.org\/pt-pt\/#website","url":"https:\/\/staging.purrfection-plaza.org\/pt-pt\/","name":"Purrfection Plaza","description":"","potentialAction":[{"@type":"SearchAction","target":{"@type":"EntryPoint","urlTemplate":"https:\/\/staging.purrfection-plaza.org\/pt-pt\/?s={search_term_string}"},"query-input":{"@type":"PropertyValueSpecification","valueRequired":true,"valueName":"search_term_string"}}],"inLanguage":"pt-PT"}]}},"_links":{"self":[{"href":"https:\/\/staging.purrfection-plaza.org\/pt-pt\/wp-json\/wp\/v2\/pages\/2063","targetHints":{"allow":["GET"]}}],"collection":[{"href":"https:\/\/staging.purrfection-plaza.org\/pt-pt\/wp-json\/wp\/v2\/pages"}],"about":[{"href":"https:\/\/staging.purrfection-plaza.org\/pt-pt\/wp-json\/wp\/v2\/types\/page"}],"author":[{"embeddable":true,"href":"https:\/\/staging.purrfection-plaza.org\/pt-pt\/wp-json\/wp\/v2\/users\/2"}],"replies":[{"embeddable":true,"href":"https:\/\/staging.purrfection-plaza.org\/pt-pt\/wp-json\/wp\/v2\/comments?post=2063"}],"version-history":[{"count":11,"href":"https:\/\/staging.purrfection-plaza.org\/pt-pt\/wp-json\/wp\/v2\/pages\/2063\/revisions"}],"predecessor-version":[{"id":2388,"href":"https:\/\/staging.purrfection-plaza.org\/pt-pt\/wp-json\/wp\/v2\/pages\/2063\/revisions\/2388"}],"wp:attachment":[{"href":"https:\/\/staging.purrfection-plaza.org\/pt-pt\/wp-json\/wp\/v2\/media?parent=2063"}],"curies":[{"name":"wp","href":"https:\/\/api.w.org\/{rel}","templated":true}]}}