{"id":2060,"date":"2022-09-27T07:06:30","date_gmt":"2022-09-27T07:06:30","guid":{"rendered":"https:\/\/staging.purrfection-plaza.org\/politica-de-privacidade\/"},"modified":"2024-07-11T08:21:26","modified_gmt":"2024-07-11T08:21:26","slug":"politica-de-privacidade","status":"publish","type":"page","link":"https:\/\/staging.purrfection-plaza.org\/pt-pt\/politica-de-privacidade\/","title":{"rendered":"Pol\u00edtica de privacidade"},"content":{"rendered":"<div class=\"fusion-fullwidth fullwidth-box fusion-builder-row-1 fusion-flex-container has-pattern-background has-mask-background fusion-parallax-none bg_tassar_light nonhundred-percent-fullwidth non-hundred-percent-height-scrolling\" style=\"--awb-background-position:right top;--awb-border-radius-top-left:0px;--awb-border-radius-top-right:0px;--awb-border-radius-bottom-right:0px;--awb-border-radius-bottom-left:0px;--awb-padding-top:100px;--awb-padding-bottom:100px;--awb-padding-top-small:50px;--awb-padding-bottom-small:50px;--awb-background-image:url(&quot;https:\/\/staging.purrfection-plaza.org\/wp-content\/uploads\/2023\/03\/tassar-pink.png&quot;);--awb-background-size:cover;--awb-flex-wrap:wrap;\" ><div class=\"fusion-builder-row fusion-row fusion-flex-align-items-flex-start fusion-flex-content-wrap\" style=\"max-width:1248px;margin-left: calc(-4% \/ 2 );margin-right: calc(-4% \/ 2 );\"><div class=\"fusion-layout-column fusion_builder_column fusion-builder-column-0 fusion_builder_column_2_3 2_3 fusion-flex-column\" style=\"--awb-bg-size:cover;--awb-width-large:66.666666666667%;--awb-margin-top-large:0px;--awb-spacing-right-large:2.88%;--awb-margin-bottom-large:20px;--awb-spacing-left-large:2.88%;--awb-width-medium:83.333333333333%;--awb-order-medium:0;--awb-spacing-right-medium:2.304%;--awb-spacing-left-medium:2.304%;--awb-width-small:100%;--awb-order-small:0;--awb-spacing-right-small:1.92%;--awb-spacing-left-small:1.92%;\"><div class=\"fusion-column-wrapper fusion-column-has-shadow fusion-flex-justify-content-flex-start fusion-content-layout-column\"><div class=\"fusion-title title fusion-title-1 fusion-no-small-visibility fusion-sep-none fusion-title-text fusion-title-size-one\"><h1 class=\"fusion-title-heading title-heading-left fusion-responsive-typography-calculated\" style=\"margin:0;--fontSize:64;line-height:var(--awb-typography1-line-height);\">Pol\u00edtica de privacidade<\/h1><\/div><div class=\"fusion-title title fusion-title-2 fusion-no-medium-visibility fusion-no-large-visibility fusion-sep-none fusion-title-text fusion-title-size-one\" style=\"--awb-font-size:35px;\"><h1 class=\"fusion-title-heading title-heading-left fusion-responsive-typography-calculated\" style=\"margin:0;font-size:1em;--fontSize:35;line-height:var(--awb-typography1-line-height);\">Pol\u00edtica de privacidade<\/h1><\/div><div class=\"fusion-text fusion-text-1\"><p>Bem-vindo ao nosso hotel para gatos Purrfection Plaza! No nosso hotel, compreendemos a import\u00e2ncia de proteger a tua privacidade e as tuas informa\u00e7\u00f5es pessoais. Esta pol\u00edtica de privacidade descreve a forma como recolhemos, utilizamos e protegemos os teus dados quando visitas o nosso s\u00edtio Web ou utilizas os nossos servi\u00e7os.<\/p>\n<\/div><div class=\"fusion-text fusion-text-2\" style=\"--awb-font-size:var(--awb-typography5-font-size);--awb-line-height:var(--awb-typography5-line-height);--awb-letter-spacing:var(--awb-typography5-letter-spacing);--awb-text-transform:var(--awb-typography5-text-transform);--awb-text-font-family:var(--awb-typography5-font-family);--awb-text-font-weight:var(--awb-typography5-font-weight);--awb-text-font-style:var(--awb-typography5-font-style);\"><p>Informa\u00e7\u00f5es que recolhemos: Podemos recolher informa\u00e7\u00f5es pessoais como o teu nome, endere\u00e7o, e-mail e n\u00famero de telefone quando fazes uma reserva ou consulta. Tamb\u00e9m podemos recolher dados n\u00e3o pessoais, como o teu tipo de browser e o teu endere\u00e7o IP.<\/p>\n<p>Utiliza\u00e7\u00e3o das tuas informa\u00e7\u00f5es: Utilizamos as tuas informa\u00e7\u00f5es pessoais para processar as tuas reservas e para comunicar contigo sobre os nossos servi\u00e7os. Tamb\u00e9m podemos utilizar as tuas informa\u00e7\u00f5es para melhorar os nossos servi\u00e7os, para personalizar a tua experi\u00eancia e para cumprir obriga\u00e7\u00f5es legais.<\/p>\n<p>Partilha das tuas informa\u00e7\u00f5es: N\u00e3o partilhamos as tuas informa\u00e7\u00f5es pessoais com terceiros, exceto na medida do necess\u00e1rio para processar as tuas reservas ou conforme exigido por lei. Podemos partilhar informa\u00e7\u00f5es n\u00e3o pessoais com fornecedores de servi\u00e7os terceiros para nos ajudar a analisar o tr\u00e1fego do Web site e melhorar os nossos servi\u00e7os.<\/p>\n<p>Seguran\u00e7a das tuas informa\u00e7\u00f5es: Levamos a s\u00e9rio a seguran\u00e7a das tuas informa\u00e7\u00f5es pessoais e utilizamos medidas razo\u00e1veis para as proteger contra acesso, divulga\u00e7\u00e3o ou modifica\u00e7\u00e3o n\u00e3o autorizados. No entanto, nenhuma transmiss\u00e3o de dados atrav\u00e9s da Internet \u00e9 totalmente segura e n\u00e3o podemos garantir a seguran\u00e7a das tuas informa\u00e7\u00f5es.<\/p>\n<p>Reten\u00e7\u00e3o das tuas informa\u00e7\u00f5es: Conservamos as tuas informa\u00e7\u00f5es pessoais durante o tempo necess\u00e1rio para cumprir os objectivos descritos na presente pol\u00edtica de privacidade ou conforme exigido por lei. Eliminaremos de forma segura as tuas informa\u00e7\u00f5es quando j\u00e1 n\u00e3o precisarmos delas.<\/p>\n<p>Os teus direitos: Podes aceder, atualizar e eliminar as tuas informa\u00e7\u00f5es pessoais. Podes tamb\u00e9m opor-te ao tratamento dos teus dados ou solicitar que limitemos o seu tratamento. Para exerceres estes direitos, n\u00e3o hesites em contactar-nos utilizando as informa\u00e7\u00f5es de contacto abaixo.<\/p>\n<p>Altera\u00e7\u00f5es a esta pol\u00edtica: Poderemos atualizar ocasionalmente esta pol\u00edtica de privacidade. Quando fizermos altera\u00e7\u00f5es, publicaremos a pol\u00edtica actualizada no nosso s\u00edtio Web e reveremos a data da &#8220;\u00faltima atualiza\u00e7\u00e3o&#8221; no topo desta p\u00e1gina.<\/p>\n<p>Contacta-nos: Se tiveres alguma d\u00favida ou preocupa\u00e7\u00e3o sobre esta pol\u00edtica de privacidade ou sobre as nossas pr\u00e1ticas de dados, contacta-nos atrav\u00e9s de <strong><br \/>\n  <a href=\"mailto:info@purrfection-plaza.org\">info@purrfection-plaza.org<\/a><br \/>\n<\/strong>.<\/p>\n<\/div><div class=\"fusion-text fusion-text-3\"><p>Responderemos ao teu pedido o mais rapidamente poss\u00edvel.<\/p>\n<\/div><\/div><\/div><\/div><\/div>\n","protected":false},"excerpt":{"rendered":"","protected":false},"author":2,"featured_media":0,"parent":0,"menu_order":0,"comment_status":"closed","ping_status":"open","template":"100-width.php","meta":{"_acf_changed":false,"footnotes":"","_links_to":"","_links_to_target":""},"class_list":["post-2060","page","type-page","status-publish","hentry"],"acf":[],"yoast_head":"<!-- This site is optimized with the Yoast SEO plugin v23.9 - https:\/\/yoast.com\/wordpress\/plugins\/seo\/ -->\n<title>Pol\u00edtica de privacidade - Purrfection Plaza<\/title>\n<meta name=\"robots\" content=\"noindex, follow, max-snippet:-1, max-image-preview:large, max-video-preview:-1\" \/>\n<meta property=\"og:locale\" content=\"pt_PT\" \/>\n<meta property=\"og:type\" content=\"article\" \/>\n<meta property=\"og:title\" content=\"Pol\u00edtica de privacidade - Purrfection Plaza\" \/>\n<meta property=\"og:url\" content=\"https:\/\/staging.purrfection-plaza.org\/pt-pt\/politica-de-privacidade\/\" \/>\n<meta property=\"og:site_name\" content=\"Purrfection Plaza\" \/>\n<meta property=\"article:modified_time\" content=\"2024-07-11T08:21:26+00:00\" \/>\n<meta name=\"twitter:card\" content=\"summary_large_image\" \/>\n<meta name=\"twitter:label1\" content=\"Tempo estimado de leitura\" \/>\n\t<meta name=\"twitter:data1\" content=\"6 minutos\" \/>\n<script type=\"application\/ld+json\" class=\"yoast-schema-graph\">{\"@context\":\"https:\/\/schema.org\",\"@graph\":[{\"@type\":\"WebPage\",\"@id\":\"https:\/\/staging.purrfection-plaza.org\/pt-pt\/politica-de-privacidade\/\",\"url\":\"https:\/\/staging.purrfection-plaza.org\/pt-pt\/politica-de-privacidade\/\",\"name\":\"Pol\u00edtica de privacidade - Purrfection Plaza\",\"isPartOf\":{\"@id\":\"https:\/\/staging.purrfection-plaza.org\/pt-pt\/#website\"},\"datePublished\":\"2022-09-27T07:06:30+00:00\",\"dateModified\":\"2024-07-11T08:21:26+00:00\",\"breadcrumb\":{\"@id\":\"https:\/\/staging.purrfection-plaza.org\/pt-pt\/politica-de-privacidade\/#breadcrumb\"},\"inLanguage\":\"pt-PT\",\"potentialAction\":[{\"@type\":\"ReadAction\",\"target\":[\"https:\/\/staging.purrfection-plaza.org\/pt-pt\/politica-de-privacidade\/\"]}]},{\"@type\":\"BreadcrumbList\",\"@id\":\"https:\/\/staging.purrfection-plaza.org\/pt-pt\/politica-de-privacidade\/#breadcrumb\",\"itemListElement\":[{\"@type\":\"ListItem\",\"position\":1,\"name\":\"Hem\",\"item\":\"https:\/\/staging.purrfection-plaza.org\/pt-pt\/comeca\/\"},{\"@type\":\"ListItem\",\"position\":2,\"name\":\"Pol\u00edtica de privacidade\"}]},{\"@type\":\"WebSite\",\"@id\":\"https:\/\/staging.purrfection-plaza.org\/pt-pt\/#website\",\"url\":\"https:\/\/staging.purrfection-plaza.org\/pt-pt\/\",\"name\":\"Purrfection Plaza\",\"description\":\"\",\"potentialAction\":[{\"@type\":\"SearchAction\",\"target\":{\"@type\":\"EntryPoint\",\"urlTemplate\":\"https:\/\/staging.purrfection-plaza.org\/pt-pt\/?s={search_term_string}\"},\"query-input\":{\"@type\":\"PropertyValueSpecification\",\"valueRequired\":true,\"valueName\":\"search_term_string\"}}],\"inLanguage\":\"pt-PT\"}]}<\/script>\n<!-- \/ Yoast SEO plugin. -->","yoast_head_json":{"title":"Pol\u00edtica de privacidade - Purrfection Plaza","robots":{"index":"noindex","follow":"follow","max-snippet":"max-snippet:-1","max-image-preview":"max-image-preview:large","max-video-preview":"max-video-preview:-1"},"og_locale":"pt_PT","og_type":"article","og_title":"Pol\u00edtica de privacidade - Purrfection Plaza","og_url":"https:\/\/staging.purrfection-plaza.org\/pt-pt\/politica-de-privacidade\/","og_site_name":"Purrfection Plaza","article_modified_time":"2024-07-11T08:21:26+00:00","twitter_card":"summary_large_image","twitter_misc":{"Tempo estimado de leitura":"6 minutos"},"schema":{"@context":"https:\/\/schema.org","@graph":[{"@type":"WebPage","@id":"https:\/\/staging.purrfection-plaza.org\/pt-pt\/politica-de-privacidade\/","url":"https:\/\/staging.purrfection-plaza.org\/pt-pt\/politica-de-privacidade\/","name":"Pol\u00edtica de privacidade - Purrfection Plaza","isPartOf":{"@id":"https:\/\/staging.purrfection-plaza.org\/pt-pt\/#website"},"datePublished":"2022-09-27T07:06:30+00:00","dateModified":"2024-07-11T08:21:26+00:00","breadcrumb":{"@id":"https:\/\/staging.purrfection-plaza.org\/pt-pt\/politica-de-privacidade\/#breadcrumb"},"inLanguage":"pt-PT","potentialAction":[{"@type":"ReadAction","target":["https:\/\/staging.purrfection-plaza.org\/pt-pt\/politica-de-privacidade\/"]}]},{"@type":"BreadcrumbList","@id":"https:\/\/staging.purrfection-plaza.org\/pt-pt\/politica-de-privacidade\/#breadcrumb","itemListElement":[{"@type":"ListItem","position":1,"name":"Hem","item":"https:\/\/staging.purrfection-plaza.org\/pt-pt\/comeca\/"},{"@type":"ListItem","position":2,"name":"Pol\u00edtica de privacidade"}]},{"@type":"WebSite","@id":"https:\/\/staging.purrfection-plaza.org\/pt-pt\/#website","url":"https:\/\/staging.purrfection-plaza.org\/pt-pt\/","name":"Purrfection Plaza","description":"","potentialAction":[{"@type":"SearchAction","target":{"@type":"EntryPoint","urlTemplate":"https:\/\/staging.purrfection-plaza.org\/pt-pt\/?s={search_term_string}"},"query-input":{"@type":"PropertyValueSpecification","valueRequired":true,"valueName":"search_term_string"}}],"inLanguage":"pt-PT"}]}},"_links":{"self":[{"href":"https:\/\/staging.purrfection-plaza.org\/pt-pt\/wp-json\/wp\/v2\/pages\/2060","targetHints":{"allow":["GET"]}}],"collection":[{"href":"https:\/\/staging.purrfection-plaza.org\/pt-pt\/wp-json\/wp\/v2\/pages"}],"about":[{"href":"https:\/\/staging.purrfection-plaza.org\/pt-pt\/wp-json\/wp\/v2\/types\/page"}],"author":[{"embeddable":true,"href":"https:\/\/staging.purrfection-plaza.org\/pt-pt\/wp-json\/wp\/v2\/users\/2"}],"replies":[{"embeddable":true,"href":"https:\/\/staging.purrfection-plaza.org\/pt-pt\/wp-json\/wp\/v2\/comments?post=2060"}],"version-history":[{"count":2,"href":"https:\/\/staging.purrfection-plaza.org\/pt-pt\/wp-json\/wp\/v2\/pages\/2060\/revisions"}],"predecessor-version":[{"id":2062,"href":"https:\/\/staging.purrfection-plaza.org\/pt-pt\/wp-json\/wp\/v2\/pages\/2060\/revisions\/2062"}],"wp:attachment":[{"href":"https:\/\/staging.purrfection-plaza.org\/pt-pt\/wp-json\/wp\/v2\/media?parent=2060"}],"curies":[{"name":"wp","href":"https:\/\/api.w.org\/{rel}","templated":true}]}}