{"id":2047,"date":"2022-12-23T08:15:37","date_gmt":"2022-12-23T08:15:37","guid":{"rendered":"https:\/\/staging.purrfection-plaza.org\/o-hotel-para-gatos\/"},"modified":"2024-11-19T17:02:10","modified_gmt":"2024-11-19T17:02:10","slug":"o-hotel-para-gatos","status":"publish","type":"page","link":"https:\/\/staging.purrfection-plaza.org\/pt-pt\/o-hotel-para-gatos\/","title":{"rendered":"O hotel para gatos"},"content":{"rendered":"<p><div class=\"fusion-fullwidth fullwidth-box fusion-builder-row-1 fusion-flex-container has-pattern-background has-mask-background fusion-parallax-none nonhundred-percent-fullwidth non-hundred-percent-height-scrolling\" style=\"--awb-border-radius-top-left:0px;--awb-border-radius-top-right:0px;--awb-border-radius-bottom-right:0px;--awb-border-radius-bottom-left:0px;--awb-min-height:60vh;--awb-min-height-medium:40vh;--awb-min-height-small:30vh;--awb-background-image:url(&quot;https:\/\/staging.purrfection-plaza.org\/wp-content\/uploads\/2024\/01\/the-cat-hotel-1.jpg&quot;);--awb-background-size:cover;--awb-flex-wrap:wrap;\" ><div class=\"fusion-builder-row fusion-row fusion-flex-align-items-center fusion-flex-align-content-center fusion-flex-content-wrap\" style=\"max-width:1248px;margin-left: calc(-4% \/ 2 );margin-right: calc(-4% \/ 2 );\"><\/div><\/div><div class=\"fusion-fullwidth fullwidth-box fusion-builder-row-2 fusion-flex-container has-pattern-background has-mask-background nonhundred-percent-fullwidth non-hundred-percent-height-scrolling\" style=\"--awb-border-radius-top-left:0px;--awb-border-radius-top-right:0px;--awb-border-radius-bottom-right:0px;--awb-border-radius-bottom-left:0px;--awb-padding-top:80px;--awb-padding-bottom:80px;--awb-padding-top-small:30px;--awb-padding-bottom-small:50px;--awb-background-color:var(--awb-color2);--awb-flex-wrap:wrap;\" ><div class=\"fusion-builder-row fusion-row fusion-flex-align-items-flex-start fusion-flex-justify-content-center fusion-flex-content-wrap\" style=\"max-width:calc( 1200px + 80px );margin-left: calc(-80px \/ 2 );margin-right: calc(-80px \/ 2 );\"><div class=\"fusion-layout-column fusion_builder_column fusion-builder-column-0 fusion_builder_column_1_1 1_1 fusion-flex-column fusion-flex-align-self-stretch\" style=\"--awb-bg-size:cover;--awb-width-large:100%;--awb-margin-top-large:0px;--awb-spacing-right-large:40px;--awb-margin-bottom-large:20px;--awb-spacing-left-large:40px;--awb-width-medium:100%;--awb-order-medium:0;--awb-spacing-right-medium:40px;--awb-spacing-left-medium:40px;--awb-width-small:100%;--awb-order-small:0;--awb-spacing-right-small:40px;--awb-spacing-left-small:40px;\"><div class=\"fusion-column-wrapper fusion-column-has-shadow fusion-flex-justify-content-flex-start fusion-content-layout-column\"><div class=\"fusion-title title fusion-title-1 fusion-no-small-visibility fusion-sep-none fusion-title-text fusion-title-size-one\"><h1 class=\"fusion-title-heading title-heading-left fusion-responsive-typography-calculated\" style=\"margin:0;--fontSize:64;line-height:var(--awb-typography1-line-height);\">O Hotel com extras de luxo<\/h1><\/div><div class=\"fusion-title title fusion-title-2 fusion-no-medium-visibility fusion-no-large-visibility fusion-sep-none fusion-title-text fusion-title-size-one\" style=\"--awb-font-size:35px;\"><h1 class=\"fusion-title-heading title-heading-left fusion-responsive-typography-calculated\" style=\"margin:0;font-size:1em;--fontSize:35;line-height:var(--awb-typography1-line-height);\">O Hotel com extras de luxo<\/h1><\/div><\/div><\/div><div class=\"fusion-layout-column fusion_builder_column fusion-builder-column-1 fusion_builder_column_1_2 1_2 fusion-flex-column fusion-flex-align-self-stretch\" style=\"--awb-bg-size:cover;--awb-width-large:50%;--awb-margin-top-large:0px;--awb-spacing-right-large:40px;--awb-margin-bottom-large:20px;--awb-spacing-left-large:40px;--awb-width-medium:60%;--awb-order-medium:0;--awb-spacing-right-medium:40px;--awb-spacing-left-medium:40px;--awb-width-small:100%;--awb-order-small:0;--awb-spacing-right-small:40px;--awb-margin-bottom-small:30px;--awb-spacing-left-small:40px;\"><div class=\"fusion-column-wrapper fusion-column-has-shadow fusion-flex-justify-content-flex-start fusion-content-layout-column\"><div class=\"fusion-text fusion-text-1\"><p>Aqui tudo ser\u00e1 feito especificamente para o seu gato. N\u00f3s fornecemos a companhia e toda a aten\u00e7\u00e3o de que cada gato necessita. Pedimos o perfil do teu gato, por isso tratamo-lo em conformidade para que a estadia seja a melhor poss\u00edvel, como se estivesse em casa.<\/p>\n<\/div><div class=\"fusion-text fusion-text-2\" style=\"--awb-font-size:var(--awb-typography5-font-size);--awb-line-height:var(--awb-typography5-line-height);--awb-letter-spacing:var(--awb-typography5-letter-spacing);--awb-text-transform:var(--awb-typography5-text-transform);--awb-text-font-family:var(--awb-typography5-font-family);--awb-text-font-weight:var(--awb-typography5-font-weight);--awb-text-font-style:var(--awb-typography5-font-style);\"><p>O Purrfection Plaza Cat Hotel oferecer\u00e1 instala\u00e7\u00f5es de \u00faltima gera\u00e7\u00e3o, seguras, confort\u00e1veis e divertidas para a estadia do teu gato, podendo ir viajar em paz, sabendo que pode monitoriz\u00e1-lo atrav\u00e9s de c\u00e2maras para confirmar o seu bem-estar.<\/p>\n<\/div><div ><a class=\"fusion-button button-flat fusion-button-default-size button-default fusion-button-default button-1 fusion-button-default-span fusion-button-default-type\" target=\"_self\" href=\"https:\/\/staging.purrfection-plaza.org\/pt-pt\/quartos\/\"><span class=\"fusion-button-text\">Os nossos quartos<\/span><\/a><\/div><\/div><\/div><div class=\"fusion-layout-column fusion_builder_column fusion-builder-column-2 fusion_builder_column_1_2 1_2 fusion-flex-column fusion-flex-align-self-stretch\" style=\"--awb-bg-size:cover;--awb-width-large:50%;--awb-margin-top-large:0px;--awb-spacing-right-large:40px;--awb-margin-bottom-large:20px;--awb-spacing-left-large:40px;--awb-width-medium:40%;--awb-order-medium:0;--awb-spacing-right-medium:40px;--awb-spacing-left-medium:40px;--awb-width-small:100%;--awb-order-small:0;--awb-spacing-right-small:40px;--awb-spacing-left-small:40px;\"><div class=\"fusion-column-wrapper fusion-column-has-shadow fusion-flex-justify-content-flex-start fusion-content-layout-column\"><div class=\"fusion-title title fusion-title-3 fusion-sep-none fusion-title-text fusion-title-size-four\"><h4 class=\"fusion-title-heading title-heading-left fusion-responsive-typography-calculated\" style=\"font-family:var(--awb-typography2-font-family);font-weight:var(--awb-typography2-font-weight);font-style:var(--awb-typography2-font-style);margin:0;letter-spacing:var(--awb-typography2-letter-spacing);text-transform:uppercase;--fontSize:20;line-height:var(--awb-typography2-line-height);\">\u00c9 bom trazer<\/h4><\/div><ul style=\"--awb-size:18px;--awb-item-padding-top:0px;--awb-item-padding-bottom:0px;--awb-line-height:30.6px;--awb-icon-width:30.6px;--awb-icon-height:30.6px;--awb-icon-margin:12.6px;--awb-content-margin:43.2px;\" class=\"fusion-checklist fusion-checklist-1 type-icons\"><li class=\"fusion-li-item\" style=\"\"><span class=\"icon-wrapper circle-no\"><i class=\"fusion-li-icon icon-check-circle\" aria-hidden=\"true\"><\/i><\/span><div class=\"fusion-li-item-content\">Caixa de transporte<\/div><\/li><li class=\"fusion-li-item\" style=\"\"><span class=\"icon-wrapper circle-no\"><i class=\"fusion-li-icon icon-check-circle\" aria-hidden=\"true\"><\/i><\/span><div class=\"fusion-li-item-content\">\n<p>Cobertor de casa com o teu cheiro<\/p>\n<\/div><\/li><li class=\"fusion-li-item\" style=\"\"><span class=\"icon-wrapper circle-no\"><i class=\"fusion-li-icon icon-check-circle\" aria-hidden=\"true\"><\/i><\/span><div class=\"fusion-li-item-content\">A alimenta\u00e7\u00e3o do seu gato <\/div><\/li><li class=\"fusion-li-item\" style=\"\"><span class=\"icon-wrapper circle-no\"><i class=\"fusion-li-icon icon-check-circle\" aria-hidden=\"true\"><\/i><\/span><div class=\"fusion-li-item-content\">\n<p>O seu brinquedo preferido, se o tiver<\/p>\n<\/div><\/li><li class=\"fusion-li-item\" style=\"\"><span class=\"icon-wrapper circle-no\"><i class=\"fusion-li-icon icon-check-circle\" aria-hidden=\"true\"><\/i><\/span><div class=\"fusion-li-item-content\">Medica\u00e7\u00e3o, se for o caso<\/div><\/li><li class=\"fusion-li-item\" style=\"\"><span class=\"icon-wrapper circle-no\"><i class=\"fusion-li-icon icon-check-circle\" aria-hidden=\"true\"><\/i><\/span><div class=\"fusion-li-item-content\">\n<p>Informa\u00e7\u00e3o de contacto veterin\u00e1rio<\/p>\n<\/div><\/li><li class=\"fusion-li-item\" style=\"\"><span class=\"icon-wrapper circle-no\"><i class=\"fusion-li-icon icon-check-circle\" aria-hidden=\"true\"><\/i><\/span><div class=\"fusion-li-item-content\">\n<p>Livro de sa\u00fade (microchip, vacina\u00e7\u00e3o e actualiza\u00e7\u00f5es de desparasita\u00e7\u00e3o interna\/externa)<\/p>\n<\/div><\/li><\/ul><\/div><\/div><\/div><\/div><div class=\"fusion-fullwidth fullwidth-box fusion-builder-row-3 fusion-flex-container has-pattern-background has-mask-background nonhundred-percent-fullwidth non-hundred-percent-height-scrolling\" style=\"--awb-border-radius-top-left:0px;--awb-border-radius-top-right:0px;--awb-border-radius-bottom-right:0px;--awb-border-radius-bottom-left:0px;--awb-padding-top:80px;--awb-padding-bottom:80px;--awb-padding-top-small:50px;--awb-padding-bottom-small:50px;--awb-flex-wrap:wrap;\" ><div class=\"fusion-builder-row fusion-row fusion-flex-align-items-flex-start fusion-flex-content-wrap\" style=\"max-width:calc( 1200px + 80px );margin-left: calc(-80px \/ 2 );margin-right: calc(-80px \/ 2 );\"><div class=\"fusion-layout-column fusion_builder_column fusion-builder-column-3 fusion_builder_column_1_2 1_2 fusion-flex-column fusion-flex-align-self-stretch\" style=\"--awb-bg-size:cover;--awb-width-large:50%;--awb-margin-top-large:0px;--awb-spacing-right-large:40px;--awb-margin-bottom-large:0px;--awb-spacing-left-large:40px;--awb-width-medium:40%;--awb-order-medium:0;--awb-spacing-right-medium:40px;--awb-spacing-left-medium:40px;--awb-width-small:100%;--awb-order-small:0;--awb-spacing-right-small:40px;--awb-margin-bottom-small:30px;--awb-spacing-left-small:40px;\"><div class=\"fusion-column-wrapper fusion-column-has-shadow fusion-flex-justify-content-flex-start fusion-content-layout-column\"><div class=\"fusion-image-element \" style=\"--awb-caption-title-font-family:var(--h2_typography-font-family);--awb-caption-title-font-weight:var(--h2_typography-font-weight);--awb-caption-title-font-style:var(--h2_typography-font-style);--awb-caption-title-size:var(--h2_typography-font-size);--awb-caption-title-transform:var(--h2_typography-text-transform);--awb-caption-title-line-height:var(--h2_typography-line-height);--awb-caption-title-letter-spacing:var(--h2_typography-letter-spacing);\"><span class=\" fusion-imageframe imageframe-none imageframe-1 hover-type-none\"><img decoding=\"async\" width=\"785\" height=\"683\" title=\"DAY-PURRFECTIONPLAZA-071\" src=\"https:\/\/staging.purrfection-plaza.org\/wp-content\/uploads\/2023\/03\/day-purrfectionplaza-071.jpg\" alt class=\"img-responsive wp-image-1943\" srcset=\"https:\/\/staging.purrfection-plaza.org\/wp-content\/uploads\/2023\/03\/day-purrfectionplaza-071-200x174.jpg 200w, https:\/\/staging.purrfection-plaza.org\/wp-content\/uploads\/2023\/03\/day-purrfectionplaza-071-400x348.jpg 400w, https:\/\/staging.purrfection-plaza.org\/wp-content\/uploads\/2023\/03\/day-purrfectionplaza-071-600x522.jpg 600w, https:\/\/staging.purrfection-plaza.org\/wp-content\/uploads\/2023\/03\/day-purrfectionplaza-071.jpg 785w\" sizes=\"(max-width: 640px) 100vw, 600px\" \/><\/span><\/div><\/div><\/div><div class=\"fusion-layout-column fusion_builder_column fusion-builder-column-4 fusion_builder_column_1_2 1_2 fusion-flex-column fusion-flex-align-self-stretch\" style=\"--awb-padding-left-medium:0px;--awb-bg-size:cover;--awb-width-large:50%;--awb-margin-top-large:0px;--awb-spacing-right-large:40px;--awb-margin-bottom-large:0px;--awb-spacing-left-large:40px;--awb-width-medium:60%;--awb-order-medium:0;--awb-spacing-right-medium:40px;--awb-spacing-left-medium:40px;--awb-width-small:100%;--awb-order-small:0;--awb-spacing-right-small:40px;--awb-spacing-left-small:40px;\"><div class=\"fusion-column-wrapper fusion-column-has-shadow fusion-flex-justify-content-center fusion-content-layout-column\"><div class=\"fusion-title title fusion-title-4 fusion-no-small-visibility fusion-sep-none fusion-title-text fusion-title-size-two\"><h2 class=\"fusion-title-heading title-heading-left fusion-responsive-typography-calculated\" style=\"margin:0;--fontSize:56;line-height:var(--awb-typography1-line-height);\">Bem-estar perfeito<\/h2><\/div><div class=\"fusion-title title fusion-title-5 fusion-no-medium-visibility fusion-no-large-visibility fusion-sep-none fusion-title-text fusion-title-size-two\" style=\"--awb-font-size:35px;\"><h2 class=\"fusion-title-heading title-heading-left fusion-responsive-typography-calculated\" style=\"margin:0;font-size:1em;--fontSize:35;line-height:var(--awb-typography1-line-height);\">Bem-estar perfeito<\/h2><\/div><div class=\"fusion-text fusion-text-3\"><p>Pedimos-lhe que traga o essencial para o bem-estar dos teus gatos. Queremos saber tudo sobre os seus gatos antes de os recebermos.<\/p>\n<\/div><div class=\"fusion-text fusion-text-4\" style=\"--awb-font-size:var(--awb-typography5-font-size);--awb-line-height:var(--awb-typography5-line-height);--awb-letter-spacing:var(--awb-typography5-letter-spacing);--awb-text-transform:var(--awb-typography5-text-transform);--awb-text-font-family:var(--awb-typography5-font-family);--awb-text-font-weight:var(--awb-typography5-font-weight);--awb-text-font-style:var(--awb-typography5-font-style);\"><p>Se n\u00e3o puderes trazer a sua alimenta\u00e7\u00e3o, temos alimento seco e humido para v\u00e1rias idades e patologias da marca SCHESIR Todos sabemos que os gatos s\u00e3o suscept\u00edveis a qualquer mudan\u00e7a de dieta, por isso queremos garantir a nutri\u00e7\u00e3o perfeita. Se o gato estiver habituado a suplementos ou a tomar medicamentos, \u00e9 necess\u00e1rio que os tragas e explique as suas necessidades. Tamb\u00e9m precisamos de conhecer o seu estado de sa\u00fade completo, a atualiza\u00e7\u00e3o das vacinas e qualquer diagn\u00f3stico que devamos conhecer. Tudo o que nos ajuda a cuidar do seu gato como o faria<\/p>\n<\/div><div ><a class=\"fusion-button button-flat fusion-button-default-size button-default fusion-button-default button-2 fusion-button-default-span fusion-button-default-type\" style=\"--button_margin-top:30px;\" target=\"_self\" href=\"https:\/\/staging.purrfection-plaza.org\/pt-pt\/servicos\/\"><span class=\"fusion-button-text\">Os nossos servi\u00e7os<\/span><\/a><\/div><\/div><\/div><\/div><\/div><div class=\"fusion-fullwidth fullwidth-box fusion-builder-row-4 fusion-flex-container has-pattern-background has-mask-background nonhundred-percent-fullwidth non-hundred-percent-height-scrolling\" style=\"--awb-border-radius-top-left:0px;--awb-border-radius-top-right:0px;--awb-border-radius-bottom-right:0px;--awb-border-radius-bottom-left:0px;--awb-padding-top:80px;--awb-padding-bottom:80px;--awb-padding-top-small:50px;--awb-padding-bottom-small:50px;--awb-background-color:var(--awb-color2);--awb-flex-wrap:wrap;\" ><div class=\"fusion-builder-row fusion-row fusion-flex-align-items-flex-start fusion-flex-content-wrap\" style=\"max-width:1248px;margin-left: calc(-4% \/ 2 );margin-right: calc(-4% \/ 2 );\"><div class=\"fusion-layout-column fusion_builder_column fusion-builder-column-5 fusion_builder_column_3_5 3_5 fusion-flex-column fusion-flex-align-self-stretch\" style=\"--awb-padding-left-medium:0px;--awb-bg-size:cover;--awb-width-large:60%;--awb-margin-top-large:0px;--awb-spacing-right-large:3.2%;--awb-margin-bottom-large:0px;--awb-spacing-left-large:3.2%;--awb-width-medium:60%;--awb-order-medium:0;--awb-spacing-right-medium:3.2%;--awb-spacing-left-medium:3.2%;--awb-width-small:100%;--awb-order-small:2;--awb-spacing-right-small:1.92%;--awb-margin-bottom-small:40px;--awb-spacing-left-small:1.92%;\"><div class=\"fusion-column-wrapper fusion-column-has-shadow fusion-flex-justify-content-center fusion-content-layout-column\"><div class=\"fusion-title title fusion-title-6 fusion-sep-none fusion-title-text fusion-title-size-three\" style=\"--awb-font-size:56px;\"><h3 class=\"fusion-title-heading title-heading-left fusion-responsive-typography-calculated\" style=\"margin:0;font-size:1em;--fontSize:56;line-height:var(--awb-typography1-line-height);\">Os nossos quartos<\/h3><\/div><div class=\"fusion-text fusion-text-5\"><p>O ambiente do hotel foi criado por um designer profissional premiado, e as cores e o ambiente foram concebidos para serem suaves e relaxantes para que o teu gato tenha uma estadia mais tranquila e feliz. Oferecemos 3 tamanhos de suites: pequeno, m\u00e9dio e grande.<\/p>\n<\/div><div class=\"fusion-text fusion-text-6\" style=\"--awb-font-size:var(--awb-typography5-font-size);--awb-line-height:var(--awb-typography5-line-height);--awb-letter-spacing:var(--awb-typography5-letter-spacing);--awb-text-transform:var(--awb-typography5-text-transform);--awb-text-font-family:var(--awb-typography5-font-family);--awb-text-font-weight:var(--awb-typography5-font-weight);--awb-text-font-style:var(--awb-typography5-font-style);\"><div class=\"show_more\"><p class=\"wpsm-show\" style=\"color: #e69a78; font-size: 100%; text-align: left;\"> Read more<\/p><div class=\"wpsm-content\">  Todos os quartos t\u00eam isolamento, ventila\u00e7\u00e3o com oxig\u00e9nio, purificadores, c\u00e2maras com aplica\u00e7\u00f5es para os donos dos gatos monitorizarem remotamente os seus entes queridos, detectores de inc\u00eandio e aspirador central. As grandes suites t\u00eam televis\u00e3o. O hotel tem m\u00fasica de fundo relaxante para gatos e muito entretenimento. Nas salas mais pequenas, os m\u00f3veis est\u00e3o na vertical, pelo que podem passar horas a fazer exerc\u00edcio. Dispomos de um servi\u00e7o di\u00e1rio de limpeza e desinfe\u00e7\u00e3o, e o nosso pessoal passa muito tempo com os gatos em fun\u00e7\u00e3o das suas necessidades. Temos quartos mais calmos para os gatos mais t\u00edmidos.   <p class=\"wpsm-hide\" style=\"color: #e69a78; font-size: 100%; text-align: left;\"> Read less<\/p><\/div><\/div>\n<\/div><div ><a class=\"fusion-button button-flat fusion-button-default-size button-default fusion-button-default button-3 fusion-button-default-span fusion-button-default-type\" style=\"--button_margin-top:30px;\" target=\"_self\" href=\"https:\/\/staging.purrfection-plaza.org\/pt-pt\/quartos\/\"><span class=\"fusion-button-text\">Os nossos quartos<\/span><\/a><\/div><\/div><\/div><div class=\"fusion-layout-column fusion_builder_column fusion-builder-column-6 fusion_builder_column_2_5 2_5 fusion-flex-column fusion-flex-align-self-stretch\" style=\"--awb-padding-left-small:0px;--awb-bg-size:cover;--awb-width-large:40%;--awb-margin-top-large:0px;--awb-spacing-right-large:4.8%;--awb-margin-bottom-large:0px;--awb-spacing-left-large:4.8%;--awb-width-medium:40%;--awb-order-medium:0;--awb-spacing-right-medium:4.8%;--awb-spacing-left-medium:4.8%;--awb-width-small:100%;--awb-order-small:1;--awb-spacing-right-small:1.92%;--awb-margin-bottom-small:30px;--awb-spacing-left-small:1.92%;\"><div class=\"fusion-column-wrapper fusion-column-has-shadow fusion-flex-justify-content-flex-start fusion-content-layout-column\"><div class=\"fusion-image-element \" style=\"--awb-caption-title-font-family:var(--h2_typography-font-family);--awb-caption-title-font-weight:var(--h2_typography-font-weight);--awb-caption-title-font-style:var(--h2_typography-font-style);--awb-caption-title-size:var(--h2_typography-font-size);--awb-caption-title-transform:var(--h2_typography-text-transform);--awb-caption-title-line-height:var(--h2_typography-line-height);--awb-caption-title-letter-spacing:var(--h2_typography-letter-spacing);\"><span class=\" fusion-imageframe imageframe-none imageframe-2 hover-type-none\"><img decoding=\"async\" width=\"2000\" height=\"1334\" title=\"PURRFECTIONPLAZA-JUNI23-167\" src=\"https:\/\/staging.purrfection-plaza.org\/wp-content\/uploads\/2023\/06\/purrfectionplaza-juni23-167.jpg\" alt class=\"img-responsive wp-image-1997\" srcset=\"https:\/\/staging.purrfection-plaza.org\/wp-content\/uploads\/2023\/06\/purrfectionplaza-juni23-167-200x133.jpg 200w, https:\/\/staging.purrfection-plaza.org\/wp-content\/uploads\/2023\/06\/purrfectionplaza-juni23-167-400x267.jpg 400w, https:\/\/staging.purrfection-plaza.org\/wp-content\/uploads\/2023\/06\/purrfectionplaza-juni23-167-600x400.jpg 600w, https:\/\/staging.purrfection-plaza.org\/wp-content\/uploads\/2023\/06\/purrfectionplaza-juni23-167-800x534.jpg 800w, https:\/\/staging.purrfection-plaza.org\/wp-content\/uploads\/2023\/06\/purrfectionplaza-juni23-167-1200x800.jpg 1200w, https:\/\/staging.purrfection-plaza.org\/wp-content\/uploads\/2023\/06\/purrfectionplaza-juni23-167.jpg 2000w\" sizes=\"(max-width: 640px) 100vw, 600px\" \/><\/span><\/div><\/div><\/div><\/div><\/div><\/p>\n","protected":false},"excerpt":{"rendered":"","protected":false},"author":2,"featured_media":0,"parent":0,"menu_order":0,"comment_status":"closed","ping_status":"closed","template":"100-width.php","meta":{"_acf_changed":false,"footnotes":"","_links_to":"","_links_to_target":""},"class_list":["post-2047","page","type-page","status-publish","hentry"],"acf":[],"yoast_head":"<!-- This site is optimized with the Yoast SEO plugin v23.9 - https:\/\/yoast.com\/wordpress\/plugins\/seo\/ -->\n<title>O hotel para gatos - Purrfection Plaza<\/title>\n<meta name=\"robots\" content=\"noindex, follow, max-snippet:-1, max-image-preview:large, max-video-preview:-1\" \/>\n<meta property=\"og:locale\" content=\"pt_PT\" \/>\n<meta property=\"og:type\" content=\"article\" \/>\n<meta property=\"og:title\" content=\"O hotel para gatos - Purrfection Plaza\" \/>\n<meta property=\"og:url\" content=\"https:\/\/staging.purrfection-plaza.org\/pt-pt\/o-hotel-para-gatos\/\" \/>\n<meta property=\"og:site_name\" content=\"Purrfection Plaza\" \/>\n<meta property=\"article:modified_time\" content=\"2024-11-19T17:02:10+00:00\" \/>\n<meta name=\"twitter:card\" content=\"summary_large_image\" \/>\n<meta name=\"twitter:label1\" content=\"Tempo estimado de leitura\" \/>\n\t<meta name=\"twitter:data1\" content=\"29 minutos\" \/>\n<script type=\"application\/ld+json\" class=\"yoast-schema-graph\">{\"@context\":\"https:\/\/schema.org\",\"@graph\":[{\"@type\":\"WebPage\",\"@id\":\"https:\/\/staging.purrfection-plaza.org\/pt-pt\/o-hotel-para-gatos\/\",\"url\":\"https:\/\/staging.purrfection-plaza.org\/pt-pt\/o-hotel-para-gatos\/\",\"name\":\"O hotel para gatos - Purrfection Plaza\",\"isPartOf\":{\"@id\":\"https:\/\/staging.purrfection-plaza.org\/pt-pt\/#website\"},\"datePublished\":\"2022-12-23T08:15:37+00:00\",\"dateModified\":\"2024-11-19T17:02:10+00:00\",\"breadcrumb\":{\"@id\":\"https:\/\/staging.purrfection-plaza.org\/pt-pt\/o-hotel-para-gatos\/#breadcrumb\"},\"inLanguage\":\"pt-PT\",\"potentialAction\":[{\"@type\":\"ReadAction\",\"target\":[\"https:\/\/staging.purrfection-plaza.org\/pt-pt\/o-hotel-para-gatos\/\"]}]},{\"@type\":\"BreadcrumbList\",\"@id\":\"https:\/\/staging.purrfection-plaza.org\/pt-pt\/o-hotel-para-gatos\/#breadcrumb\",\"itemListElement\":[{\"@type\":\"ListItem\",\"position\":1,\"name\":\"Hem\",\"item\":\"https:\/\/staging.purrfection-plaza.org\/pt-pt\/comeca\/\"},{\"@type\":\"ListItem\",\"position\":2,\"name\":\"O hotel para gatos\"}]},{\"@type\":\"WebSite\",\"@id\":\"https:\/\/staging.purrfection-plaza.org\/pt-pt\/#website\",\"url\":\"https:\/\/staging.purrfection-plaza.org\/pt-pt\/\",\"name\":\"Purrfection Plaza\",\"description\":\"\",\"potentialAction\":[{\"@type\":\"SearchAction\",\"target\":{\"@type\":\"EntryPoint\",\"urlTemplate\":\"https:\/\/staging.purrfection-plaza.org\/pt-pt\/?s={search_term_string}\"},\"query-input\":{\"@type\":\"PropertyValueSpecification\",\"valueRequired\":true,\"valueName\":\"search_term_string\"}}],\"inLanguage\":\"pt-PT\"}]}<\/script>\n<!-- \/ Yoast SEO plugin. -->","yoast_head_json":{"title":"O hotel para gatos - Purrfection Plaza","robots":{"index":"noindex","follow":"follow","max-snippet":"max-snippet:-1","max-image-preview":"max-image-preview:large","max-video-preview":"max-video-preview:-1"},"og_locale":"pt_PT","og_type":"article","og_title":"O hotel para gatos - Purrfection Plaza","og_url":"https:\/\/staging.purrfection-plaza.org\/pt-pt\/o-hotel-para-gatos\/","og_site_name":"Purrfection Plaza","article_modified_time":"2024-11-19T17:02:10+00:00","twitter_card":"summary_large_image","twitter_misc":{"Tempo estimado de leitura":"29 minutos"},"schema":{"@context":"https:\/\/schema.org","@graph":[{"@type":"WebPage","@id":"https:\/\/staging.purrfection-plaza.org\/pt-pt\/o-hotel-para-gatos\/","url":"https:\/\/staging.purrfection-plaza.org\/pt-pt\/o-hotel-para-gatos\/","name":"O hotel para gatos - Purrfection Plaza","isPartOf":{"@id":"https:\/\/staging.purrfection-plaza.org\/pt-pt\/#website"},"datePublished":"2022-12-23T08:15:37+00:00","dateModified":"2024-11-19T17:02:10+00:00","breadcrumb":{"@id":"https:\/\/staging.purrfection-plaza.org\/pt-pt\/o-hotel-para-gatos\/#breadcrumb"},"inLanguage":"pt-PT","potentialAction":[{"@type":"ReadAction","target":["https:\/\/staging.purrfection-plaza.org\/pt-pt\/o-hotel-para-gatos\/"]}]},{"@type":"BreadcrumbList","@id":"https:\/\/staging.purrfection-plaza.org\/pt-pt\/o-hotel-para-gatos\/#breadcrumb","itemListElement":[{"@type":"ListItem","position":1,"name":"Hem","item":"https:\/\/staging.purrfection-plaza.org\/pt-pt\/comeca\/"},{"@type":"ListItem","position":2,"name":"O hotel para gatos"}]},{"@type":"WebSite","@id":"https:\/\/staging.purrfection-plaza.org\/pt-pt\/#website","url":"https:\/\/staging.purrfection-plaza.org\/pt-pt\/","name":"Purrfection Plaza","description":"","potentialAction":[{"@type":"SearchAction","target":{"@type":"EntryPoint","urlTemplate":"https:\/\/staging.purrfection-plaza.org\/pt-pt\/?s={search_term_string}"},"query-input":{"@type":"PropertyValueSpecification","valueRequired":true,"valueName":"search_term_string"}}],"inLanguage":"pt-PT"}]}},"_links":{"self":[{"href":"https:\/\/staging.purrfection-plaza.org\/pt-pt\/wp-json\/wp\/v2\/pages\/2047","targetHints":{"allow":["GET"]}}],"collection":[{"href":"https:\/\/staging.purrfection-plaza.org\/pt-pt\/wp-json\/wp\/v2\/pages"}],"about":[{"href":"https:\/\/staging.purrfection-plaza.org\/pt-pt\/wp-json\/wp\/v2\/types\/page"}],"author":[{"embeddable":true,"href":"https:\/\/staging.purrfection-plaza.org\/pt-pt\/wp-json\/wp\/v2\/users\/2"}],"replies":[{"embeddable":true,"href":"https:\/\/staging.purrfection-plaza.org\/pt-pt\/wp-json\/wp\/v2\/comments?post=2047"}],"version-history":[{"count":23,"href":"https:\/\/staging.purrfection-plaza.org\/pt-pt\/wp-json\/wp\/v2\/pages\/2047\/revisions"}],"predecessor-version":[{"id":2403,"href":"https:\/\/staging.purrfection-plaza.org\/pt-pt\/wp-json\/wp\/v2\/pages\/2047\/revisions\/2403"}],"wp:attachment":[{"href":"https:\/\/staging.purrfection-plaza.org\/pt-pt\/wp-json\/wp\/v2\/media?parent=2047"}],"curies":[{"name":"wp","href":"https:\/\/api.w.org\/{rel}","templated":true}]}}