{"id":2046,"date":"2022-12-23T08:14:13","date_gmt":"2022-12-23T08:14:13","guid":{"rendered":"https:\/\/staging.purrfection-plaza.org\/reserva\/"},"modified":"2024-11-19T16:10:09","modified_gmt":"2024-11-19T16:10:09","slug":"reserva","status":"publish","type":"page","link":"https:\/\/staging.purrfection-plaza.org\/pt-pt\/reserva\/","title":{"rendered":"Reserva"},"content":{"rendered":"<p><div class=\"fusion-fullwidth fullwidth-box fusion-builder-row-1 fusion-flex-container has-pattern-background has-mask-background nonhundred-percent-fullwidth non-hundred-percent-height-scrolling\" style=\"--awb-border-radius-top-left:0px;--awb-border-radius-top-right:0px;--awb-border-radius-bottom-right:0px;--awb-border-radius-bottom-left:0px;--awb-padding-top:80px;--awb-padding-bottom:80px;--awb-padding-top-small:50px;--awb-padding-bottom-small:50px;--awb-background-color:var(--awb-color2);--awb-flex-wrap:wrap;\" ><div class=\"fusion-builder-row fusion-row fusion-flex-align-items-flex-start fusion-flex-justify-content-center fusion-flex-content-wrap\" style=\"max-width:calc( 1200px + 0px );margin-left: calc(-0px \/ 2 );margin-right: calc(-0px \/ 2 );\"><div class=\"fusion-layout-column fusion_builder_column fusion-builder-column-0 fusion_builder_column_1_1 1_1 fusion-flex-column fusion-flex-align-self-center\" style=\"--awb-padding-bottom:40px;--awb-padding-bottom-small:0px;--awb-bg-size:cover;--awb-width-large:100%;--awb-margin-top-large:0px;--awb-spacing-right-large:0px;--awb-margin-bottom-large:20px;--awb-spacing-left-large:0px;--awb-width-medium:100%;--awb-order-medium:0;--awb-spacing-right-medium:0px;--awb-spacing-left-medium:0px;--awb-width-small:100%;--awb-order-small:0;--awb-spacing-right-small:0px;--awb-spacing-left-small:0px;\"><div class=\"fusion-column-wrapper fusion-column-has-shadow fusion-flex-justify-content-flex-start fusion-content-layout-column\"><div class=\"fusion-title title fusion-title-1 fusion-no-small-visibility fusion-sep-none fusion-title-center fusion-title-text fusion-title-size-one\"><h1 class=\"fusion-title-heading title-heading-center fusion-responsive-typography-calculated\" style=\"margin:0;--fontSize:64;line-height:var(--awb-typography1-line-height);\">Bem-vindo \u00e0 segunda casa do seu gato<\/h1><\/div><div class=\"fusion-title title fusion-title-2 fusion-no-medium-visibility fusion-no-large-visibility fusion-sep-none fusion-title-center fusion-title-text fusion-title-size-one\"><h1 class=\"fusion-title-heading title-heading-center fusion-responsive-typography-calculated\" style=\"margin:0;--fontSize:64;line-height:var(--awb-typography1-line-height);\">Bem-vindo \u00e0 segunda casa do seu gato<\/h1><\/div><div class=\"fusion-text fusion-text-1\" style=\"--awb-content-alignment:center;\"><p>Reserva a sua estadia de excel\u00eancia e viage sabendo que eles est\u00e3o seguros e muito felizes.<\/p>\n<\/div><\/div><\/div><div class=\"fusion-layout-column fusion_builder_column fusion-builder-column-1 fusion_builder_column_1_1 1_1 fusion-flex-column fusion-flex-align-self-center\" style=\"--awb-bg-size:cover;--awb-width-large:100%;--awb-margin-top-large:0px;--awb-spacing-right-large:0px;--awb-margin-bottom-large:20px;--awb-spacing-left-large:0px;--awb-width-medium:100%;--awb-order-medium:0;--awb-spacing-right-medium:0px;--awb-spacing-left-medium:0px;--awb-width-small:100%;--awb-order-small:0;--awb-spacing-right-small:0px;--awb-margin-bottom-small:0;--awb-spacing-left-small:0px;\"><div class=\"fusion-column-wrapper fusion-column-has-shadow fusion-flex-justify-content-flex-start fusion-content-layout-column\"><div class=\"mphb_sc_search-wrapper is-style-horizontal-form\">\n<form method=\"GET\" class=\"mphb_sc_search-form\" action=\"https:\/\/staging.purrfection-plaza.org\/pt-pt\/resultados-da-pesquisa\/\" data-first_available_check_in_date=\"2026-04-16\">\n\n\t<p class = \"mphb-required-fields-tip\">\n\t<small>\n\t\tOs campos obrigat\u00f3rios s\u00e3o seguidos por\t\t<abbr title=\"required\">*<\/abbr>\n\t<\/small>\n<\/p>\n\n\t<p class=\"mphb_sc_search-check-in-date\">\n\t\t<label for=\"mphb_check_in_date-mphb-search-form-69e0f22c8d048\">\n\t\t\tRegisto de entrada\t\t\t<abbr title=\"Formatada como dd\/mm\/yyyy\">*<\/abbr>\n\t\t<\/label>\n\t\t<br \/>\n\t\t<input\n\t\t\tid=\"mphb_check_in_date-mphb-search-form-69e0f22c8d048\"\n\t\t\tdata-datepick-group=\"mphb-search-form-69e0f22c8d048\"\n\t\t\tvalue=\"\"\n\t\t\tplaceholder=\"Data do Check-in\"\n\t\t\trequired=\"required\"\n\t\t\ttype=\"text\"\n\t\t\tinputmode=\"none\"\n\t\t\tname=\"mphb_check_in_date\"\n\t\t\tclass=\"mphb-datepick\"\n\t\t\tautocomplete=\"off\"\n\t\t\t\/>\n\t<\/p>\n\n\t<p class=\"mphb_sc_search-check-out-date\">\n\t\t<label for=\"mphb_check_out_date-mphb-search-form-69e0f22c8d048\">\n\t\t\tRegisto de sa\u00edda\t\t\t<abbr title=\"Formatada como dd\/mm\/yyyy\">*<\/abbr>\n\t\t<\/label>\n\t\t<br \/>\n\t\t<input\n\t\t\tid=\"mphb_check_out_date-mphb-search-form-69e0f22c8d048\"\n\t\t\tdata-datepick-group=\"mphb-search-form-69e0f22c8d048\"\n\t\t\tvalue=\"\"\n\t\t\tplaceholder=\"Data do Check-out\"\n\t\t\trequired=\"required\"\n\t\t\ttype=\"text\"\n\t\t\tinputmode=\"none\"\n\t\t\tname=\"mphb_check_out_date\"\n\t\t\tclass=\"mphb-datepick\"\n\t\t\tautocomplete=\"off\"\n\t\t\t\/>\n\t<\/p>\n\n\t\t\t<p class=\"mphb_sc_search-adults\">\n\t\t\t<label for=\"mphb_adults-mphb-search-form-69e0f22c8d048\">\n\t\t\t\tH\u00f3spedes\t\t\t<\/label>\n\t\t\t<br \/>\n\t\t\t<select id=\"mphb_adults-mphb-search-form-69e0f22c8d048\" name=\"mphb_adults\" >\n\t\t\t\t\t\t\t\t\t<option value=\"1\"  selected='selected'>1<\/option>\n\t\t\t\t\t\t\t\t\t<option value=\"2\" >2<\/option>\n\t\t\t\t\t\t\t\t\t<option value=\"3\" >3<\/option>\n\t\t\t\t\t\t\t\t\t<option value=\"4\" >4<\/option>\n\t\t\t\t\t\t\t\t\t<option value=\"5\" >5<\/option>\n\t\t\t\t\t\t\t\t\t<option value=\"6\" >6<\/option>\n\t\t\t\t\t\t\t\t\t<option value=\"7\" >7<\/option>\n\t\t\t\t\t\t\t\t\t<option value=\"8\" >8<\/option>\n\t\t\t\t\t\t\t\t\t<option value=\"9\" >9<\/option>\n\t\t\t\t\t\t\t\t\t<option value=\"10\" >10<\/option>\n\t\t\t\t\t\t\t\t\t<option value=\"11\" >11<\/option>\n\t\t\t\t\t\t\t\t\t<option value=\"12\" >12<\/option>\n\t\t\t\t\t\t\t\t\t<option value=\"13\" >13<\/option>\n\t\t\t\t\t\t\t\t\t<option value=\"14\" >14<\/option>\n\t\t\t\t\t\t\t\t\t<option value=\"15\" >15<\/option>\n\t\t\t\t\t\t\t\t\t<option value=\"16\" >16<\/option>\n\t\t\t\t\t\t\t\t\t<option value=\"17\" >17<\/option>\n\t\t\t\t\t\t\t\t\t<option value=\"18\" >18<\/option>\n\t\t\t\t\t\t\t\t\t<option value=\"19\" >19<\/option>\n\t\t\t\t\t\t\t\t\t<option value=\"20\" >20<\/option>\n\t\t\t\t\t\t\t\t\t<option value=\"21\" >21<\/option>\n\t\t\t\t\t\t\t\t\t<option value=\"22\" >22<\/option>\n\t\t\t\t\t\t\t\t\t<option value=\"23\" >23<\/option>\n\t\t\t\t\t\t\t\t\t<option value=\"24\" >24<\/option>\n\t\t\t\t\t\t\t\t\t<option value=\"25\" >25<\/option>\n\t\t\t\t\t\t\t\t\t<option value=\"26\" >26<\/option>\n\t\t\t\t\t\t\t\t\t<option value=\"27\" >27<\/option>\n\t\t\t\t\t\t\t\t\t<option value=\"28\" >28<\/option>\n\t\t\t\t\t\t\t\t\t<option value=\"29\" >29<\/option>\n\t\t\t\t\t\t\t\t\t<option value=\"30\" >30<\/option>\n\t\t\t\t\t\t\t<\/select>\n\t\t<\/p>\n\t\n\t\t\t<input type=\"hidden\" id=\"mphb_children-mphb-search-form-69e0f22c8d048\" name=\"mphb_children\" value=\"0\" \/>\n\t\n\t\n\t\n\t<input id=\"mphb_check_in_date-mphb-search-form-69e0f22c8d048-hidden\" value=\"\" type=\"hidden\" name=\"mphb_check_in_date\" \/><input id=\"mphb_check_out_date-mphb-search-form-69e0f22c8d048-hidden\" value=\"\" type=\"hidden\" name=\"mphb_check_out_date\" \/>\n\t<p class=\"mphb_sc_search-submit-button-wrapper\">\n\t\t<input type=\"submit\" class=\"button\" value=\"Pesquisa\"\/>\n\t<\/p>\n\n\t\n<\/form>\n<\/div><div class=\"fusion-text fusion-text-2\"><p style=\"text-align: left;\">Hor\u00e1rio de check-in: 15:00 &#8211; 19:00 Hor\u00e1rio de check-out: 9:00-13:00<\/p>\n<\/div><\/div><\/div><\/div><\/div><div class=\"fusion-fullwidth fullwidth-box fusion-builder-row-2 fusion-flex-container has-pattern-background has-mask-background nonhundred-percent-fullwidth non-hundred-percent-height-scrolling\" style=\"--awb-border-radius-top-left:0px;--awb-border-radius-top-right:0px;--awb-border-radius-bottom-right:0px;--awb-border-radius-bottom-left:0px;--awb-padding-top:80px;--awb-padding-bottom:80px;--awb-padding-top-small:50px;--awb-padding-bottom-small:50px;--awb-flex-wrap:wrap;\" ><div class=\"fusion-builder-row fusion-row fusion-flex-align-items-flex-start fusion-flex-content-wrap\" style=\"max-width:calc( 1200px + 80px );margin-left: calc(-80px \/ 2 );margin-right: calc(-80px \/ 2 );\"><div class=\"fusion-layout-column fusion_builder_column fusion-builder-column-2 fusion_builder_column_1_2 1_2 fusion-flex-column fusion-flex-align-self-stretch\" style=\"--awb-padding-left-medium:0px;--awb-bg-size:cover;--awb-width-large:50%;--awb-margin-top-large:0px;--awb-spacing-right-large:40px;--awb-margin-bottom-large:20px;--awb-spacing-left-large:40px;--awb-width-medium:100%;--awb-order-medium:0;--awb-spacing-right-medium:40px;--awb-margin-bottom-medium:40px;--awb-spacing-left-medium:40px;--awb-width-small:100%;--awb-order-small:0;--awb-spacing-right-small:40px;--awb-spacing-left-small:40px;\"><div class=\"fusion-column-wrapper fusion-column-has-shadow fusion-flex-justify-content-flex-start fusion-content-layout-column\"><div class=\"fusion-image-element \" style=\"--awb-caption-title-font-family:var(--h2_typography-font-family);--awb-caption-title-font-weight:var(--h2_typography-font-weight);--awb-caption-title-font-style:var(--h2_typography-font-style);--awb-caption-title-size:var(--h2_typography-font-size);--awb-caption-title-transform:var(--h2_typography-text-transform);--awb-caption-title-line-height:var(--h2_typography-line-height);--awb-caption-title-letter-spacing:var(--h2_typography-letter-spacing);\"><span class=\" fusion-imageframe imageframe-none imageframe-1 hover-type-none\"><img decoding=\"async\" width=\"1000\" height=\"687\" title=\"good_to_know\" src=\"https:\/\/staging.purrfection-plaza.org\/wp-content\/uploads\/2024\/01\/good-to-know.jpg\" alt class=\"img-responsive wp-image-2030\" srcset=\"https:\/\/staging.purrfection-plaza.org\/wp-content\/uploads\/2024\/01\/good-to-know-200x137.jpg 200w, https:\/\/staging.purrfection-plaza.org\/wp-content\/uploads\/2024\/01\/good-to-know-400x275.jpg 400w, https:\/\/staging.purrfection-plaza.org\/wp-content\/uploads\/2024\/01\/good-to-know-600x412.jpg 600w, https:\/\/staging.purrfection-plaza.org\/wp-content\/uploads\/2024\/01\/good-to-know-800x550.jpg 800w, https:\/\/staging.purrfection-plaza.org\/wp-content\/uploads\/2024\/01\/good-to-know.jpg 1000w\" sizes=\"(max-width: 640px) 100vw, 600px\" \/><\/span><\/div><\/div><\/div><div class=\"fusion-layout-column fusion_builder_column fusion-builder-column-3 fusion_builder_column_1_2 1_2 fusion-flex-column fusion-flex-align-self-stretch\" style=\"--awb-padding-left-medium:0px;--awb-bg-size:cover;--awb-width-large:50%;--awb-margin-top-large:0px;--awb-spacing-right-large:40px;--awb-margin-bottom-large:0px;--awb-spacing-left-large:40px;--awb-width-medium:100%;--awb-order-medium:0;--awb-spacing-right-medium:40px;--awb-spacing-left-medium:40px;--awb-width-small:100%;--awb-order-small:0;--awb-spacing-right-small:40px;--awb-spacing-left-small:40px;\"><div class=\"fusion-column-wrapper fusion-column-has-shadow fusion-flex-justify-content-flex-start fusion-content-layout-column\"><div class=\"fusion-title title fusion-title-3 fusion-sep-none fusion-title-text fusion-title-size-three\" style=\"--awb-margin-top:0px;--awb-font-size:56px;\"><h3 class=\"fusion-title-heading title-heading-left fusion-responsive-typography-calculated\" style=\"margin:0;font-size:1em;--fontSize:56;line-height:var(--awb-typography1-line-height);\">Informa\u00e7\u00f5es importantes<\/h3><\/div><div class=\"fusion-text fusion-text-3\"><p>Para al\u00e9m do facto de tudo aqui estar adaptado para fazer os nossos amigos ronronadores mais felizes, h\u00e1 algumas coisas que \u00e9 bom saber.<\/p>\n<\/div><div class=\"fusion-text fusion-text-4 fusion-text-no-margin\" style=\"--awb-font-size:var(--awb-typography5-font-size);--awb-line-height:var(--awb-typography5-line-height);--awb-letter-spacing:var(--awb-typography5-letter-spacing);--awb-text-transform:var(--awb-typography5-text-transform);--awb-text-font-family:var(--awb-typography5-font-family);--awb-text-font-weight:var(--awb-typography5-font-weight);--awb-text-font-style:var(--awb-typography5-font-style);\"><p>Check-in <strong>e check-out<\/strong> &#8211; o nosso hor\u00e1rio de check-in \u00e9 das 15:00-19:00 e o de check-out das 9:00-13:00. Se necessitar de mais flexibilidade, avise-nos com anteced\u00eancia para o podermos ajudar.<\/p>\n<p><strong>Vacina\u00e7\u00e3o<\/strong> &#8211; durante estadias longas, se o gato precisar de uma vacina, o nosso veterin\u00e1rio pode fornec\u00ea-la.<\/p>\n<p><strong>Seguran\u00e7a durante a estadia<\/strong> &#8211; os teus gatos estar\u00e3o num ambiente muito seguro e contido, sem possibilidade de fugirem ou de se magoarem.<\/p>\n<div class=\"show_more\"><p class=\"wpsm-show\" style=\"color: #e69a78; font-size: 100%; text-align: left;\"> Ler mais<\/p><div class=\"wpsm-content\"><\/p>\n<p><strong>A vigil\u00e2ncia<\/strong> \u00e9 constante; pode tamb\u00e9m vigi\u00e1-lo \u00e0 dist\u00e2ncia atrav\u00e9s das c\u00e2maras de todos os quartos. Ser-lhe-\u00e0 dado um link que ser\u00e1 desativado quando o seu gato sair do hotel. Por isso, tamb\u00e9m tem privacidade total&#8230;<\/p>\n<p><strong>Comida<\/strong> &#8211; \u00e9 necess\u00e1rio que traga a alimenta\u00e7\u00e3o dos seus gatos. Seguimos as indica\u00e7\u00f5es as suas indica\u00e7\u00f5es e mantemos as mesmas rotinas para que a estadia seja como se estiv\u00e9ssem em casa. Caso n\u00e3o o possa fazer, fornecemos apenas alimentos veterin\u00e1rios gastrointestinais secos e h\u00famidos.<\/p>\n<p><strong>Limpeza<\/strong> &#8211; limpamos os quartos dos nossos h\u00f3spedes todos os dias com produtos especializados para animais antiv\u00edricos e anti-bacterianos e o ar \u00e9 constantemente renovado e filtrado. Entre as estadias, tamb\u00e9m desinfectamos cuidadosamente todos os quartos com produtos de qualidade superior e de confian\u00e7a.<\/p>\n<p> <p class=\"wpsm-hide\" style=\"color: #e69a78; font-size: 100%; text-align: left;\"> Ler menos<\/p><\/div><\/div>\n<\/div><\/div><\/div><\/div><\/div><div class=\"fusion-fullwidth fullwidth-box fusion-builder-row-3 fusion-flex-container has-pattern-background has-mask-background nonhundred-percent-fullwidth non-hundred-percent-height-scrolling\" style=\"--awb-border-radius-top-left:0px;--awb-border-radius-top-right:0px;--awb-border-radius-bottom-right:0px;--awb-border-radius-bottom-left:0px;--awb-padding-top:80px;--awb-padding-bottom:80px;--awb-padding-top-small:50px;--awb-padding-bottom-small:50px;--awb-background-color:var(--awb-color2);--awb-flex-wrap:wrap;\" ><div class=\"fusion-builder-row fusion-row fusion-flex-align-items-flex-start fusion-flex-content-wrap\" style=\"max-width:calc( 1200px + 80px );margin-left: calc(-80px \/ 2 );margin-right: calc(-80px \/ 2 );\"><div class=\"fusion-layout-column fusion_builder_column fusion-builder-column-4 fusion_builder_column_1_2 1_2 fusion-flex-column fusion-flex-align-self-stretch\" style=\"--awb-padding-left-medium:0px;--awb-bg-size:cover;--awb-width-large:50%;--awb-margin-top-large:0px;--awb-spacing-right-large:40px;--awb-margin-bottom-large:0px;--awb-spacing-left-large:40px;--awb-width-medium:100%;--awb-order-medium:0;--awb-spacing-right-medium:40px;--awb-margin-bottom-medium:40px;--awb-spacing-left-medium:40px;--awb-width-small:100%;--awb-order-small:0;--awb-spacing-right-small:40px;--awb-spacing-left-small:40px;\"><div class=\"fusion-column-wrapper fusion-column-has-shadow fusion-flex-justify-content-flex-start fusion-content-layout-column\"><div class=\"fusion-title title fusion-title-4 fusion-sep-none fusion-title-text fusion-title-size-three\" style=\"--awb-font-size:56px;\"><h3 class=\"fusion-title-heading title-heading-left fusion-responsive-typography-calculated\" style=\"margin:0;font-size:1em;--fontSize:56;line-height:var(--awb-typography1-line-height);\">Estadia perfeita<\/h3><\/div><div class=\"fusion-text fusion-text-5\"><p>Para atingirmos os padr\u00f5es Purrfection, temos sempre em mente os nossos h\u00f3spedes peludos. Investimos um pouco mais e equip\u00e1mos os nossos quartos com as melhores condi\u00e7\u00f5es poss\u00edveis para uma estadia perfeita.<\/p>\n<\/div><div class=\"fusion-text fusion-text-6\" style=\"--awb-font-size:var(--awb-typography5-font-size);--awb-line-height:var(--awb-typography5-line-height);--awb-letter-spacing:var(--awb-typography5-letter-spacing);--awb-text-transform:var(--awb-typography5-text-transform);--awb-text-font-family:var(--awb-typography5-font-family);--awb-text-font-weight:var(--awb-typography5-font-weight);--awb-text-font-style:var(--awb-typography5-font-style);\"><p>O pessoal da Purrfection \u00e9 experiente, treinado para tratar e cuidar do teu melhor amigo.<\/p>\n<\/div><div ><a class=\"fusion-button button-flat fusion-button-default-size button-default fusion-button-default button-1 fusion-button-default-span fusion-button-default-type\" target=\"_self\" href=\"https:\/\/staging.purrfection-plaza.org\/pt-pt\/quartos\/\"><span class=\"fusion-button-text\">Os nossos quartos<\/span><\/a><\/div><\/div><\/div><div class=\"fusion-layout-column fusion_builder_column fusion-builder-column-5 fusion_builder_column_1_2 1_2 fusion-flex-column fusion-flex-align-self-stretch\" style=\"--awb-padding-left-medium:0px;--awb-bg-size:cover;--awb-width-large:50%;--awb-margin-top-large:0px;--awb-spacing-right-large:40px;--awb-margin-bottom-large:0px;--awb-spacing-left-large:40px;--awb-width-medium:100%;--awb-order-medium:0;--awb-spacing-right-medium:40px;--awb-spacing-left-medium:40px;--awb-width-small:100%;--awb-order-small:0;--awb-spacing-right-small:40px;--awb-spacing-left-small:40px;\"><div class=\"fusion-column-wrapper fusion-column-has-shadow fusion-flex-justify-content-flex-start fusion-content-layout-column\"><div class=\"fusion-image-element \" style=\"--awb-caption-title-font-family:var(--h2_typography-font-family);--awb-caption-title-font-weight:var(--h2_typography-font-weight);--awb-caption-title-font-style:var(--h2_typography-font-style);--awb-caption-title-size:var(--h2_typography-font-size);--awb-caption-title-transform:var(--h2_typography-text-transform);--awb-caption-title-line-height:var(--h2_typography-line-height);--awb-caption-title-letter-spacing:var(--h2_typography-letter-spacing);\"><span class=\" fusion-imageframe imageframe-none imageframe-2 hover-type-none\"><img decoding=\"async\" width=\"1000\" height=\"667\" title=\"purrfect_stay\" src=\"https:\/\/staging.purrfection-plaza.org\/wp-content\/uploads\/2024\/01\/purrfect-stay.jpg\" alt class=\"img-responsive wp-image-2031\" srcset=\"https:\/\/staging.purrfection-plaza.org\/wp-content\/uploads\/2024\/01\/purrfect-stay-200x133.jpg 200w, https:\/\/staging.purrfection-plaza.org\/wp-content\/uploads\/2024\/01\/purrfect-stay-400x267.jpg 400w, https:\/\/staging.purrfection-plaza.org\/wp-content\/uploads\/2024\/01\/purrfect-stay-600x400.jpg 600w, https:\/\/staging.purrfection-plaza.org\/wp-content\/uploads\/2024\/01\/purrfect-stay-800x534.jpg 800w, https:\/\/staging.purrfection-plaza.org\/wp-content\/uploads\/2024\/01\/purrfect-stay.jpg 1000w\" sizes=\"(max-width: 640px) 100vw, 600px\" \/><\/span><\/div><\/div><\/div><\/div><\/div><\/p>\n","protected":false},"excerpt":{"rendered":"","protected":false},"author":2,"featured_media":0,"parent":0,"menu_order":0,"comment_status":"closed","ping_status":"closed","template":"100-width.php","meta":{"_acf_changed":false,"footnotes":"","_links_to":"","_links_to_target":""},"class_list":["post-2046","page","type-page","status-publish","hentry"],"acf":[],"yoast_head":"<!-- This site is optimized with the Yoast SEO plugin v23.9 - https:\/\/yoast.com\/wordpress\/plugins\/seo\/ -->\n<title>Reserva - Purrfection Plaza<\/title>\n<meta name=\"robots\" content=\"noindex, follow, max-snippet:-1, max-image-preview:large, max-video-preview:-1\" \/>\n<meta property=\"og:locale\" content=\"pt_PT\" \/>\n<meta property=\"og:type\" content=\"article\" \/>\n<meta property=\"og:title\" content=\"Reserva - Purrfection Plaza\" \/>\n<meta property=\"og:url\" content=\"https:\/\/staging.purrfection-plaza.org\/pt-pt\/reserva\/\" \/>\n<meta property=\"og:site_name\" content=\"Purrfection Plaza\" \/>\n<meta property=\"article:modified_time\" content=\"2024-11-19T16:10:09+00:00\" \/>\n<meta name=\"twitter:card\" content=\"summary_large_image\" \/>\n<meta name=\"twitter:label1\" content=\"Tempo estimado de leitura\" \/>\n\t<meta name=\"twitter:data1\" content=\"2 minutos\" \/>\n<script type=\"application\/ld+json\" class=\"yoast-schema-graph\">{\"@context\":\"https:\/\/schema.org\",\"@graph\":[{\"@type\":\"WebPage\",\"@id\":\"https:\/\/staging.purrfection-plaza.org\/pt-pt\/reserva\/\",\"url\":\"https:\/\/staging.purrfection-plaza.org\/pt-pt\/reserva\/\",\"name\":\"Reserva - Purrfection Plaza\",\"isPartOf\":{\"@id\":\"https:\/\/staging.purrfection-plaza.org\/pt-pt\/#website\"},\"datePublished\":\"2022-12-23T08:14:13+00:00\",\"dateModified\":\"2024-11-19T16:10:09+00:00\",\"breadcrumb\":{\"@id\":\"https:\/\/staging.purrfection-plaza.org\/pt-pt\/reserva\/#breadcrumb\"},\"inLanguage\":\"pt-PT\",\"potentialAction\":[{\"@type\":\"ReadAction\",\"target\":[\"https:\/\/staging.purrfection-plaza.org\/pt-pt\/reserva\/\"]}]},{\"@type\":\"BreadcrumbList\",\"@id\":\"https:\/\/staging.purrfection-plaza.org\/pt-pt\/reserva\/#breadcrumb\",\"itemListElement\":[{\"@type\":\"ListItem\",\"position\":1,\"name\":\"Hem\",\"item\":\"https:\/\/staging.purrfection-plaza.org\/pt-pt\/comeca\/\"},{\"@type\":\"ListItem\",\"position\":2,\"name\":\"Reserva\"}]},{\"@type\":\"WebSite\",\"@id\":\"https:\/\/staging.purrfection-plaza.org\/pt-pt\/#website\",\"url\":\"https:\/\/staging.purrfection-plaza.org\/pt-pt\/\",\"name\":\"Purrfection Plaza\",\"description\":\"\",\"potentialAction\":[{\"@type\":\"SearchAction\",\"target\":{\"@type\":\"EntryPoint\",\"urlTemplate\":\"https:\/\/staging.purrfection-plaza.org\/pt-pt\/?s={search_term_string}\"},\"query-input\":{\"@type\":\"PropertyValueSpecification\",\"valueRequired\":true,\"valueName\":\"search_term_string\"}}],\"inLanguage\":\"pt-PT\"}]}<\/script>\n<!-- \/ Yoast SEO plugin. -->","yoast_head_json":{"title":"Reserva - Purrfection Plaza","robots":{"index":"noindex","follow":"follow","max-snippet":"max-snippet:-1","max-image-preview":"max-image-preview:large","max-video-preview":"max-video-preview:-1"},"og_locale":"pt_PT","og_type":"article","og_title":"Reserva - Purrfection Plaza","og_url":"https:\/\/staging.purrfection-plaza.org\/pt-pt\/reserva\/","og_site_name":"Purrfection Plaza","article_modified_time":"2024-11-19T16:10:09+00:00","twitter_card":"summary_large_image","twitter_misc":{"Tempo estimado de leitura":"2 minutos"},"schema":{"@context":"https:\/\/schema.org","@graph":[{"@type":"WebPage","@id":"https:\/\/staging.purrfection-plaza.org\/pt-pt\/reserva\/","url":"https:\/\/staging.purrfection-plaza.org\/pt-pt\/reserva\/","name":"Reserva - Purrfection Plaza","isPartOf":{"@id":"https:\/\/staging.purrfection-plaza.org\/pt-pt\/#website"},"datePublished":"2022-12-23T08:14:13+00:00","dateModified":"2024-11-19T16:10:09+00:00","breadcrumb":{"@id":"https:\/\/staging.purrfection-plaza.org\/pt-pt\/reserva\/#breadcrumb"},"inLanguage":"pt-PT","potentialAction":[{"@type":"ReadAction","target":["https:\/\/staging.purrfection-plaza.org\/pt-pt\/reserva\/"]}]},{"@type":"BreadcrumbList","@id":"https:\/\/staging.purrfection-plaza.org\/pt-pt\/reserva\/#breadcrumb","itemListElement":[{"@type":"ListItem","position":1,"name":"Hem","item":"https:\/\/staging.purrfection-plaza.org\/pt-pt\/comeca\/"},{"@type":"ListItem","position":2,"name":"Reserva"}]},{"@type":"WebSite","@id":"https:\/\/staging.purrfection-plaza.org\/pt-pt\/#website","url":"https:\/\/staging.purrfection-plaza.org\/pt-pt\/","name":"Purrfection Plaza","description":"","potentialAction":[{"@type":"SearchAction","target":{"@type":"EntryPoint","urlTemplate":"https:\/\/staging.purrfection-plaza.org\/pt-pt\/?s={search_term_string}"},"query-input":{"@type":"PropertyValueSpecification","valueRequired":true,"valueName":"search_term_string"}}],"inLanguage":"pt-PT"}]}},"_links":{"self":[{"href":"https:\/\/staging.purrfection-plaza.org\/pt-pt\/wp-json\/wp\/v2\/pages\/2046","targetHints":{"allow":["GET"]}}],"collection":[{"href":"https:\/\/staging.purrfection-plaza.org\/pt-pt\/wp-json\/wp\/v2\/pages"}],"about":[{"href":"https:\/\/staging.purrfection-plaza.org\/pt-pt\/wp-json\/wp\/v2\/types\/page"}],"author":[{"embeddable":true,"href":"https:\/\/staging.purrfection-plaza.org\/pt-pt\/wp-json\/wp\/v2\/users\/2"}],"replies":[{"embeddable":true,"href":"https:\/\/staging.purrfection-plaza.org\/pt-pt\/wp-json\/wp\/v2\/comments?post=2046"}],"version-history":[{"count":18,"href":"https:\/\/staging.purrfection-plaza.org\/pt-pt\/wp-json\/wp\/v2\/pages\/2046\/revisions"}],"predecessor-version":[{"id":2371,"href":"https:\/\/staging.purrfection-plaza.org\/pt-pt\/wp-json\/wp\/v2\/pages\/2046\/revisions\/2371"}],"wp:attachment":[{"href":"https:\/\/staging.purrfection-plaza.org\/pt-pt\/wp-json\/wp\/v2\/media?parent=2046"}],"curies":[{"name":"wp","href":"https:\/\/api.w.org\/{rel}","templated":true}]}}